{"id":7,"date":"2021-10-15T09:15:18","date_gmt":"2021-10-15T09:15:18","guid":{"rendered":"https:\/\/cementis.io\/yt\/our-people\/"},"modified":"2025-10-29T10:52:18","modified_gmt":"2025-10-29T10:52:18","slug":"our-people","status":"publish","type":"page","link":"https:\/\/cementis.io\/yt\/our-people\/","title":{"rendered":"Nos Collaborateurs"},"content":{"rendered":"<p>[et_pb_section fb_built=&#8221;1&#8243; _builder_version=&#8221;4.16&#8243; _module_preset=&#8221;default&#8221; background_image=&#8221;https:\/\/cementis.io\/yt\/wp-content\/uploads\/sites\/11\/2021\/10\/CEMENTIS-WEBSITE-OUR-PEOPLE-BANNER-1-1920X720.jpg&#8221; custom_padding=&#8221;344px||99px|||&#8221; border_width_bottom=&#8221;8px&#8221; border_color_bottom=&#8221;gcid-5e2d3d4b-dee4-441d-abaa-32ff8dae7519&#8243; global_colors_info=&#8221;{%22gcid-5e2d3d4b-dee4-441d-abaa-32ff8dae7519%22:%91%22border_color_bottom%22%93}&#8221;][\/et_pb_section][et_pb_section fb_built=&#8221;1&#8243; _builder_version=&#8221;4.16&#8243; _module_preset=&#8221;default&#8221; custom_padding=&#8221;3px||45px|||&#8221; global_colors_info=&#8221;{}&#8221;][et_pb_row _builder_version=&#8221;4.16&#8243; _module_preset=&#8221;default&#8221; custom_padding=&#8221;||4px|||&#8221; global_colors_info=&#8221;{}&#8221;][et_pb_column type=&#8221;4_4&#8243; _builder_version=&#8221;4.16&#8243; _module_preset=&#8221;default&#8221; global_colors_info=&#8221;{}&#8221;][et_pb_text _builder_version=&#8221;4.16&#8243; _module_preset=&#8221;default&#8221; global_colors_info=&#8221;{}&#8221;]<\/p>\n<div class=\"page\" title=\"Page 6\">\n<div class=\"section\">\n<div class=\"layoutArea\">\n<div class=\"column\">\n<h1><span style=\"color: #ffb600;\">NOS <strong>COLLABORATEURS CL\u00c9S<\/strong><\/span><\/h1>\n<\/div>\n<\/div>\n<\/div>\n<\/div>\n<p>[\/et_pb_text][\/et_pb_column][\/et_pb_row][et_pb_row _builder_version=&#8221;4.16&#8243; _module_preset=&#8221;default&#8221; custom_margin=&#8221;2px|auto||auto||&#8221; global_colors_info=&#8221;{}&#8221;][et_pb_column type=&#8221;4_4&#8243; _builder_version=&#8221;4.16&#8243; _module_preset=&#8221;default&#8221; global_colors_info=&#8221;{}&#8221;][et_pb_text _builder_version=&#8221;4.16&#8243; _module_preset=&#8221;default&#8221; global_colors_info=&#8221;{}&#8221;]<\/p>\n<div class=\"page\" title=\"Page 6\">\n<div class=\"section\">\n<div class=\"layoutArea\">\n<div class=\"column\">\n<p>L&#8217;\u00e9quipe de direction est la force motrice de CEMENTIS. Ils travaillent en \u00e9troite collaboration pour s&#8217;assurer que les valeurs et la qualit\u00e9 de CEMENTIS soient bien pr\u00e9sentes dans toute l&#8217;organisation, en veillant \u00e0 la bonne impl\u00e9mentation de nos codes et nos valeurs. Ils op\u00e8rent au c\u0153ur de CEMENTIS et inspirent de par leur exp\u00e9rience, leur expertise et leur esprit novateur.<\/p>\n<\/div>\n<\/div>\n<\/div>\n<\/div>\n<p>[\/et_pb_text][\/et_pb_column][\/et_pb_row][\/et_pb_section][et_pb_section fb_built=&#8221;1&#8243; _builder_version=&#8221;4.16&#8243; _module_preset=&#8221;default&#8221; background_image=&#8221;https:\/\/cementis.io\/wp-content\/uploads\/2021\/10\/CEMENTIS-WEBSITE-OUR-PEOPLE-YELLOW-BACK-1-1920X2162.jpg&#8221; global_colors_info=&#8221;{}&#8221;][et_pb_row column_structure=&#8221;1_3,1_3,1_3&#8243; _builder_version=&#8221;4.16&#8243; _module_preset=&#8221;default&#8221; global_colors_info=&#8221;{}&#8221;][et_pb_column type=&#8221;1_3&#8243; _builder_version=&#8221;4.16&#8243; _module_preset=&#8221;default&#8221; global_colors_info=&#8221;{}&#8221;][et_pb_blurb title=&#8221;SOIFFAOUI MOUSSA&#8221; image=&#8221;https:\/\/cementis.io\/yt\/wp-content\/uploads\/sites\/11\/2021\/10\/Soiffaoui-Moussa.MAY-OPE-Man-500px.png&#8221; image_icon_width=&#8221;58%&#8221; _builder_version=&#8221;4.21.0&#8243; _module_preset=&#8221;default&#8221; header_text_color=&#8221;#3D4C5C&#8221; background_layout=&#8221;dark&#8221; hover_enabled=&#8221;0&#8243; image_max_width=&#8221;64%&#8221; global_colors_info=&#8221;{}&#8221; text_orientation=&#8221;center&#8221; header_text_align=&#8221;center&#8221; body_text_align=&#8221;center&#8221; sticky_enabled=&#8221;0&#8243;]<\/p>\n<div title=\"Page 6\">\n<div>\n<div>\n<div>\n<p style=\"text-align: center;\"><span style=\"color: #435364;\"><span style=\"font-weight: 400;\">DIRECTEUR DES OP\u00c9RATIONS<\/span><\/span><\/p>\n<\/div>\n<\/div>\n<\/div>\n<\/div>\n<p>[\/et_pb_blurb][\/et_pb_column][et_pb_column type=&#8221;1_3&#8243; _builder_version=&#8221;4.16&#8243; _module_preset=&#8221;default&#8221; global_colors_info=&#8221;{}&#8221;][et_pb_blurb title=&#8221;ABDOUL HAFIZ SOULAIMANA&#8221; image_icon_width=&#8221;75%&#8221; _builder_version=&#8221;4.21.0&#8243; _module_preset=&#8221;default&#8221; header_text_color=&#8221;#3D4C5C&#8221; background_layout=&#8221;dark&#8221; image_max_width=&#8221;64%&#8221; global_colors_info=&#8221;{}&#8221; text_orientation=&#8221;center&#8221; header_text_align=&#8221;center&#8221; body_text_align=&#8221;center&#8221; sticky_enabled=&#8221;0&#8243; title_text=&#8221;Cementis Mayotte &#8211; Commercial &#8211; ABDOUL&#8221; image=&#8221;https:\/\/cementis.io\/yt\/wp-content\/uploads\/sites\/11\/2025\/10\/Cementis-Mayotte-Commercial-ABDOUL.png&#8221;]<\/p>\n<div title=\"Page 6\">\n<div>\n<div>\n<div>\n<p><span style=\"color: #435364;\"><span style=\"font-weight: 400;\">COMMERCIAL<\/span><\/span><\/p>\n<\/div>\n<\/div>\n<\/div>\n<\/div>\n<p>[\/et_pb_blurb][\/et_pb_column][et_pb_column type=&#8221;1_3&#8243; _builder_version=&#8221;4.16&#8243; _module_preset=&#8221;default&#8221; global_colors_info=&#8221;{}&#8221;][et_pb_blurb title=&#8221;SALIM DJOUMA&#8221; image_icon_width=&#8221;75%&#8221; _builder_version=&#8221;4.21.0&#8243; _module_preset=&#8221;default&#8221; header_text_color=&#8221;#3D4C5C&#8221; background_layout=&#8221;dark&#8221; image_max_width=&#8221;64%&#8221; global_colors_info=&#8221;{}&#8221; text_orientation=&#8221;center&#8221; header_text_align=&#8221;center&#8221; body_text_align=&#8221;center&#8221; sticky_enabled=&#8221;0&#8243; title_text=&#8221;Cementis Mayotte &#8211; Commercial &#8211; SALIM&#8221; image=&#8221;https:\/\/cementis.io\/yt\/wp-content\/uploads\/sites\/11\/2025\/10\/Cementis-Mayotte-Commercial-SALIM.png&#8221; hover_enabled=&#8221;0&#8243;]<\/p>\n<div title=\"Page 6\">\n<div>\n<div>\n<div>\n<div title=\"Page 6\">\n<div>\n<div>\n<div>\n<p><span style=\"color: #435364;\"><span style=\"font-weight: 400;\">COMMERCIAL<\/span><\/span><\/p>\n<\/div>\n<\/div>\n<\/div>\n<\/div>\n<\/div>\n<\/div>\n<\/div>\n<\/div>\n<p>[\/et_pb_blurb][\/et_pb_column][\/et_pb_row][et_pb_row column_structure=&#8221;1_3,1_3,1_3&#8243; _builder_version=&#8221;4.16&#8243; _module_preset=&#8221;default&#8221; global_colors_info=&#8221;{}&#8221;][et_pb_column type=&#8221;1_3&#8243; _builder_version=&#8221;4.16&#8243; _module_preset=&#8221;default&#8221; global_colors_info=&#8221;{}&#8221;][\/et_pb_column][et_pb_column type=&#8221;1_3&#8243; _builder_version=&#8221;4.16&#8243; _module_preset=&#8221;default&#8221; global_colors_info=&#8221;{}&#8221;][\/et_pb_column][et_pb_column type=&#8221;1_3&#8243; _builder_version=&#8221;4.16&#8243; _module_preset=&#8221;default&#8221; global_colors_info=&#8221;{}&#8221;][\/et_pb_column][\/et_pb_row][\/et_pb_section][et_pb_section fb_built=&#8221;1&#8243; _builder_version=&#8221;4.16&#8243; _module_preset=&#8221;default&#8221; background_image=&#8221;https:\/\/cementis.io\/wp-content\/uploads\/2021\/10\/CEMENTIS-WEBSITE-OUR-PEOPLE-GREY-TESTIMONIAL-BACK-1-1920X720.jpg&#8221; global_colors_info=&#8221;{}&#8221;][et_pb_row _builder_version=&#8221;4.16&#8243; _module_preset=&#8221;default&#8221; global_colors_info=&#8221;{}&#8221;][et_pb_column type=&#8221;4_4&#8243; _builder_version=&#8221;4.16&#8243; _module_preset=&#8221;default&#8221; global_colors_info=&#8221;{}&#8221;][et_pb_text _builder_version=&#8221;4.16&#8243; _module_preset=&#8221;default&#8221; background_layout=&#8221;dark&#8221; global_colors_info=&#8221;{}&#8221;]<\/p>\n<div class=\"page\" title=\"Page 6\">\n<div class=\"section\">\n<div class=\"layoutArea\">\n<div class=\"column\">\n<h1><span>FA\u00c7ONNER<strong><\/strong><span style=\"color: #ffb600;\"><strong> NOTRE EFFECTIF <\/strong><\/span><\/span><span><\/span><\/h1>\n<\/div>\n<\/div>\n<\/div>\n<\/div>\n<p>[\/et_pb_text][\/et_pb_column][\/et_pb_row][et_pb_row column_structure=&#8221;3_4,1_4&#8243; _builder_version=&#8221;4.16&#8243; _module_preset=&#8221;default&#8221; global_colors_info=&#8221;{}&#8221;][et_pb_column type=&#8221;3_4&#8243; _builder_version=&#8221;4.16&#8243; _module_preset=&#8221;default&#8221; global_colors_info=&#8221;{}&#8221;][et_pb_text _builder_version=&#8221;4.16&#8243; _module_preset=&#8221;default&#8221; background_layout=&#8221;dark&#8221; custom_margin=&#8221;56px|||||&#8221; global_colors_info=&#8221;{}&#8221;]<\/p>\n<div class=\"page\" title=\"Page 6\">\n<div class=\"section\">\n<div class=\"layoutArea\">\n<div class=\"column\">\n<p><span style=\"font-weight: 400;\">CEMENTIS est un employeur offrant l&#8217;\u00e9galit\u00e9 des chances \u00e0 travers un effectif dynamique, agile et mixte, qui met en avant l&#8217;excellence et la passion pour donner le meilleur d&#8217;eux-m\u00eames au quotidien. <\/span><span style=\"font-weight: 400;\">Nous contribuons collectivement \u00e0 la r\u00e9alisation de nos objectifs dans un esprit d&#8217;am\u00e9lioration continue et de coop\u00e9ration, et sommes guid\u00e9s chaque jour par nos valeurs d\u2019<\/span><i><span style=\"font-weight: 400;\">Int\u00e9grit\u00e9 Intentionnelle<\/span><\/i><span style=\"font-weight: 400;\">.<\/span><\/p>\n<p><span style=\"font-weight: 400;\">Nous offrons un environnement s\u00fbr qui permet \u00e0 tous nos employ\u00e9s d&#8217;exceller et de r\u00e9aliser leurs propres ambitions professionnelles au quotidien.<\/span><\/p>\n<\/div>\n<\/div>\n<\/div>\n<\/div>\n<p>[\/et_pb_text][\/et_pb_column][et_pb_column type=&#8221;1_4&#8243; _builder_version=&#8221;4.16&#8243; _module_preset=&#8221;default&#8221; global_colors_info=&#8221;{}&#8221;][et_pb_image src=&#8221;https:\/\/cementis.io\/yt\/wp-content\/uploads\/sites\/11\/2021\/10\/CEMENTIS-WEBSITE-OUR-PEOPLE-C-500X535-1.1.png&#8221; title_text=&#8221;CEMENTIS-WEBSITE-OUR-PEOPLE-C-500X535-1.1&#8243; _builder_version=&#8221;4.16&#8243; _module_preset=&#8221;default&#8221; global_colors_info=&#8221;{}&#8221;][\/et_pb_image][\/et_pb_column][\/et_pb_row][et_pb_row disabled_on=&#8221;on|on|on&#8221; _builder_version=&#8221;4.16&#8243; _module_preset=&#8221;default&#8221; disabled=&#8221;on&#8221; global_colors_info=&#8221;{}&#8221;][et_pb_column type=&#8221;4_4&#8243; _builder_version=&#8221;4.16&#8243; _module_preset=&#8221;default&#8221; global_colors_info=&#8221;{}&#8221;][et_pb_text _builder_version=&#8221;4.16&#8243; _module_preset=&#8221;default&#8221; background_layout=&#8221;dark&#8221; global_colors_info=&#8221;{}&#8221;]<\/p>\n<h3>TESTIMONIALS<\/h3>\n<p>[\/et_pb_text][\/et_pb_column][\/et_pb_row][et_pb_row disabled_on=&#8221;on|on|on&#8221; _builder_version=&#8221;4.16&#8243; _module_preset=&#8221;default&#8221; disabled=&#8221;on&#8221; global_colors_info=&#8221;{}&#8221;][et_pb_column type=&#8221;4_4&#8243; _builder_version=&#8221;4.16&#8243; _module_preset=&#8221;default&#8221; global_colors_info=&#8221;{}&#8221;][dnxte_coverflowslider_parent dnxte_coverflow_arrows=&#8221;on&#8221; dnxte_coverflow_pagination_type=&#8221;none&#8221; dnxte_coverflow_breakpoint_desktop=&#8221;1&#8243; dnxte_coverflow_arrow_color=&#8221;gcid-5e2d3d4b-dee4-441d-abaa-32ff8dae7519&#8243; dnxte_coverflow_arrow_background_color=&#8221;rgba(61,76,92,0)&#8221; dnxte_coverflow_arrow_size=&#8221;40&#8243; dnxte_coverflow_arrow_position=&#8221;outer&#8221; _builder_version=&#8221;4.16&#8243; _module_preset=&#8221;default&#8221; global_colors_info=&#8221;{%22gcid-5e2d3d4b-dee4-441d-abaa-32ff8dae7519%22:%91%22dnxte_coverflow_arrow_color%22%93}&#8221;][dnxte_coverflowslider_child coverflowslider_image=&#8221;https:\/\/cementis.io\/yt\/wp-content\/uploads\/sites\/11\/2021\/10\/CEMENTIS-WEBSITE-OUR-PEOPLE-TESTIMONIAL-BANNER-1-1432X327.png&#8221; _builder_version=&#8221;4.16&#8243; _module_preset=&#8221;default&#8221; global_colors_info=&#8221;{}&#8221;][\/dnxte_coverflowslider_child][dnxte_coverflowslider_child coverflowslider_image=&#8221;https:\/\/cementis.io\/yt\/wp-content\/uploads\/sites\/11\/2021\/10\/CEMENTIS-WEBSITE-OUR-PEOPLE-TESTIMONIAL-BANNER-1-1432X327.png&#8221; _builder_version=&#8221;4.16&#8243; _module_preset=&#8221;default&#8221; global_colors_info=&#8221;{}&#8221;][\/dnxte_coverflowslider_child][\/dnxte_coverflowslider_parent][\/et_pb_column][\/et_pb_row][\/et_pb_section][et_pb_section fb_built=&#8221;1&#8243; _builder_version=&#8221;4.16&#8243; _module_preset=&#8221;default&#8221; background_image=&#8221;https:\/\/cementis.io\/yt\/wp-content\/uploads\/sites\/11\/2021\/10\/CEMENTIS-CLIENT-SUCCESS-BANNER-1920&#215;720-1.jpg&#8221; custom_padding=&#8221;||61px|||&#8221; border_width_top=&#8221;8px&#8221; border_color_top=&#8221;#FFB600&#8243; global_colors_info=&#8221;{}&#8221;][et_pb_row _builder_version=&#8221;4.16&#8243; _module_preset=&#8221;default&#8221; custom_margin=&#8221;1px|auto||auto||&#8221; custom_padding=&#8221;221px|||||&#8221; global_colors_info=&#8221;{}&#8221;][et_pb_column type=&#8221;4_4&#8243; _builder_version=&#8221;4.16&#8243; _module_preset=&#8221;default&#8221; global_colors_info=&#8221;{}&#8221;][\/et_pb_column][\/et_pb_row][\/et_pb_section][et_pb_section fb_built=&#8221;1&#8243; _builder_version=&#8221;4.16&#8243; _module_preset=&#8221;default&#8221; border_width_bottom=&#8221;8px&#8221; border_color_bottom=&#8221;#f7b500&#8243; global_colors_info=&#8221;{}&#8221;][et_pb_row _builder_version=&#8221;4.16&#8243; _module_preset=&#8221;default&#8221; global_colors_info=&#8221;{}&#8221;][et_pb_column type=&#8221;4_4&#8243; _builder_version=&#8221;4.16&#8243; _module_preset=&#8221;default&#8221; global_colors_info=&#8221;{}&#8221;][et_pb_text _builder_version=&#8221;4.16&#8243; _module_preset=&#8221;default&#8221; text_line_height=&#8221;2.5em&#8221; custom_padding=&#8221;2px|||||&#8221; global_colors_info=&#8221;{}&#8221;]<\/p>\n<div class=\"page\" title=\"Page 6\">\n<div class=\"section\">\n<div class=\"layoutArea\">\n<div class=\"column\">\n<h1><strong>FA\u00c7ONNER LA R\u00c9USSITE DE NOS CLIENTS\u00a0<\/strong><\/h1>\n<\/div>\n<\/div>\n<\/div>\n<\/div>\n<p>[\/et_pb_text][\/et_pb_column][\/et_pb_row][et_pb_row _builder_version=&#8221;4.16&#8243; _module_preset=&#8221;default&#8221; custom_margin=&#8221;-31px|auto||auto||&#8221; custom_padding=&#8221;5px|||||&#8221; global_colors_info=&#8221;{}&#8221;][et_pb_column type=&#8221;4_4&#8243; _builder_version=&#8221;4.16&#8243; _module_preset=&#8221;default&#8221; global_colors_info=&#8221;{}&#8221;][et_pb_text _builder_version=&#8221;4.16&#8243; _module_preset=&#8221;default&#8221; text_line_height=&#8221;2em&#8221; global_colors_info=&#8221;{}&#8221;]<\/p>\n<p>Chez CEMENTIS, notre objectif est de favoriser la r\u00e9ussite de nos clients. Nous recherchons activement des clients pour des partenariats \u00e0 long terme, afin qu\u2019ensemble nous soyons plus forts, tout au long de ce voyage. Nous sommes un partenaire de choix, agissant en permanence pour aider \u00e0 la r\u00e9alisation des projets, en identifiant les gains d&#8217;efficacit\u00e9 et en partageant la responsabilit\u00e9 des risques op\u00e9rationnels. Gr\u00e2ce \u00e0 une culture de service exceptionnel, nous incarnons un partenariat commercial durable en fournissant des produits de qualit\u00e9 \u00e0 des prix imbattables ainsi qu&#8217;une expertise et des services d\u2019excellence sur mesure.<\/p>\n<p>[\/et_pb_text][\/et_pb_column][\/et_pb_row][\/et_pb_section][et_pb_section fb_built=&#8221;1&#8243; _builder_version=&#8221;4.16&#8243; _module_preset=&#8221;default&#8221; global_colors_info=&#8221;{}&#8221;][et_pb_row _builder_version=&#8221;4.16&#8243; _module_preset=&#8221;default&#8221; global_colors_info=&#8221;{}&#8221;][et_pb_column type=&#8221;4_4&#8243; _builder_version=&#8221;4.16&#8243; _module_preset=&#8221;default&#8221; global_colors_info=&#8221;{}&#8221;][et_pb_text _builder_version=&#8221;4.16&#8243; _module_preset=&#8221;default&#8221; global_colors_info=&#8221;{}&#8221;]<\/p>\n<div class=\"page\" title=\"Page 6\">\n<div class=\"section\">\n<div class=\"layoutArea\">\n<div class=\"column\">\n<h1><strong>NOTE R\u00c9SEAU DE <\/strong><span style=\"color: #ffb600;\">CLIENTS<\/span><\/h1>\n<h1><strong>\u00a0<\/strong><\/h1>\n<\/div>\n<\/div>\n<\/div>\n<\/div>\n<p>[\/et_pb_text][\/et_pb_column][\/et_pb_row][et_pb_row column_structure=&#8221;1_3,1_3,1_3&#8243; _builder_version=&#8221;4.16&#8243; _module_preset=&#8221;default&#8221; global_colors_info=&#8221;{}&#8221;][et_pb_column type=&#8221;1_3&#8243; _builder_version=&#8221;4.16&#8243; _module_preset=&#8221;default&#8221; global_colors_info=&#8221;{}&#8221;][et_pb_number_counter title=&#8221;COLLABORATEURS&#8221; number=&#8221;14&#8243; percent_sign=&#8221;off&#8221; _builder_version=&#8221;4.16&#8243; _module_preset=&#8221;default&#8221; title_text_color=&#8221;gcid-16aeab8c-4ea6-4213-9cf1-9a4e1ce14bf5&#8243; title_font_size=&#8221;15px&#8221; title_line_height=&#8221;0em&#8221; number_font=&#8221;|600|||||||&#8221; number_text_color=&#8221;gcid-16aeab8c-4ea6-4213-9cf1-9a4e1ce14bf5&#8243; number_font_size=&#8221;55px&#8221; number_line_height=&#8221;100px&#8221; background_image=&#8221;https:\/\/cementis.io\/wp-content\/uploads\/2021\/10\/CEMENTIS-WEBSITE-HOME-PAGE-CAROUSEL-C-500X535.png&#8221; background_size=&#8221;contain&#8221; custom_padding=&#8221;8rem||8rem||true|false&#8221; saved_tabs=&#8221;all&#8221; global_colors_info=&#8221;{%22gcid-5e2d3d4b-dee4-441d-abaa-32ff8dae7519%22:%91%93,%22gcid-16aeab8c-4ea6-4213-9cf1-9a4e1ce14bf5%22:%91%22number_text_color%22,%22title_text_color%22%93}&#8221;][\/et_pb_number_counter][\/et_pb_column][et_pb_column type=&#8221;1_3&#8243; _builder_version=&#8221;4.16&#8243; _module_preset=&#8221;default&#8221; global_colors_info=&#8221;{}&#8221;][et_pb_number_counter title=&#8221;CLIENTS&#8221; number=&#8221;75&#8243; percent_sign=&#8221;off&#8221; _builder_version=&#8221;4.16&#8243; _module_preset=&#8221;default&#8221; title_text_color=&#8221;gcid-16aeab8c-4ea6-4213-9cf1-9a4e1ce14bf5&#8243; title_font_size=&#8221;15px&#8221; title_line_height=&#8221;0em&#8221; number_font=&#8221;|600|||||||&#8221; number_text_color=&#8221;gcid-16aeab8c-4ea6-4213-9cf1-9a4e1ce14bf5&#8243; number_font_size=&#8221;55px&#8221; number_line_height=&#8221;100px&#8221; background_image=&#8221;https:\/\/cementis.io\/wp-content\/uploads\/2021\/10\/CEMENTIS-WEBSITE-HOME-PAGE-CAROUSEL-C-500X535.png&#8221; background_size=&#8221;contain&#8221; custom_padding=&#8221;8rem||8rem||true|false&#8221; saved_tabs=&#8221;all&#8221; global_colors_info=&#8221;{%22gcid-5e2d3d4b-dee4-441d-abaa-32ff8dae7519%22:%91%93,%22gcid-16aeab8c-4ea6-4213-9cf1-9a4e1ce14bf5%22:%91%22number_text_color%22,%22title_text_color%22%93}&#8221;][\/et_pb_number_counter][\/et_pb_column][et_pb_column type=&#8221;1_3&#8243; _builder_version=&#8221;4.16&#8243; _module_preset=&#8221;default&#8221; global_colors_info=&#8221;{}&#8221;][et_pb_number_counter title=&#8221;POINT DE VENTE&#8221; number=&#8221;1&#8243; percent_sign=&#8221;off&#8221; _builder_version=&#8221;4.16&#8243; _module_preset=&#8221;default&#8221; title_text_color=&#8221;gcid-16aeab8c-4ea6-4213-9cf1-9a4e1ce14bf5&#8243; title_font_size=&#8221;15px&#8221; title_line_height=&#8221;0em&#8221; number_font=&#8221;|600|||||||&#8221; number_text_color=&#8221;gcid-16aeab8c-4ea6-4213-9cf1-9a4e1ce14bf5&#8243; number_font_size=&#8221;55px&#8221; number_line_height=&#8221;100px&#8221; background_image=&#8221;https:\/\/cementis.io\/wp-content\/uploads\/2021\/10\/CEMENTIS-WEBSITE-HOME-PAGE-CAROUSEL-C-500X535.png&#8221; background_size=&#8221;contain&#8221; custom_padding=&#8221;8rem||8rem||true|false&#8221; saved_tabs=&#8221;all&#8221; global_colors_info=&#8221;{%22gcid-5e2d3d4b-dee4-441d-abaa-32ff8dae7519%22:%91%93,%22gcid-16aeab8c-4ea6-4213-9cf1-9a4e1ce14bf5%22:%91%22number_text_color%22,%22title_text_color%22%93}&#8221;][\/et_pb_number_counter][\/et_pb_column][\/et_pb_row][\/et_pb_section]<\/p>\n","protected":false},"excerpt":{"rendered":"<p>NOS COLLABORATEURS CL\u00c9S L&#8217;\u00e9quipe de direction est la force motrice de CEMENTIS. Ils travaillent en \u00e9troite collaboration pour s&#8217;assurer que les valeurs et la qualit\u00e9 de CEMENTIS soient bien pr\u00e9sentes dans toute l&#8217;organisation, en veillant \u00e0 la bonne impl\u00e9mentation de nos codes et nos valeurs. Ils op\u00e8rent au c\u0153ur de CEMENTIS et inspirent de par [&hellip;]<\/p>\n","protected":false},"author":1,"featured_media":0,"parent":0,"menu_order":0,"comment_status":"closed","ping_status":"closed","template":"","meta":{"_et_pb_use_builder":"on","_et_pb_old_content":"","_et_gb_content_width":"","footnotes":""},"class_list":["post-7","page","type-page","status-publish","hentry"],"_links":{"self":[{"href":"https:\/\/cementis.io\/yt\/wp-json\/wp\/v2\/pages\/7","targetHints":{"allow":["GET"]}}],"collection":[{"href":"https:\/\/cementis.io\/yt\/wp-json\/wp\/v2\/pages"}],"about":[{"href":"https:\/\/cementis.io\/yt\/wp-json\/wp\/v2\/types\/page"}],"author":[{"embeddable":true,"href":"https:\/\/cementis.io\/yt\/wp-json\/wp\/v2\/users\/1"}],"replies":[{"embeddable":true,"href":"https:\/\/cementis.io\/yt\/wp-json\/wp\/v2\/comments?post=7"}],"version-history":[{"count":3,"href":"https:\/\/cementis.io\/yt\/wp-json\/wp\/v2\/pages\/7\/revisions"}],"predecessor-version":[{"id":426,"href":"https:\/\/cementis.io\/yt\/wp-json\/wp\/v2\/pages\/7\/revisions\/426"}],"wp:attachment":[{"href":"https:\/\/cementis.io\/yt\/wp-json\/wp\/v2\/media?parent=7"}],"curies":[{"name":"wp","href":"https:\/\/api.w.org\/{rel}","templated":true}]}}