{"id":5,"date":"2021-10-15T09:45:46","date_gmt":"2021-10-15T09:45:46","guid":{"rendered":"https:\/\/cementis.io\/yt\/careers\/"},"modified":"2024-10-24T07:54:22","modified_gmt":"2024-10-24T07:54:22","slug":"careers","status":"publish","type":"page","link":"https:\/\/cementis.io\/yt\/careers\/","title":{"rendered":"Carri\u00e8re"},"content":{"rendered":"<p>[et_pb_section fb_built=&#8221;1&#8243; _builder_version=&#8221;4.21.0&#8243; _module_preset=&#8221;default&#8221; background_image=&#8221;https:\/\/cementis.io\/yt\/wp-content\/uploads\/sites\/11\/2024\/10\/Cementis_Website_Banner_Our_People_1365x428_px_v2.jpg&#8221; custom_padding=&#8221;365px||0px||false|false&#8221; hover_enabled=&#8221;0&#8243; border_width_bottom=&#8221;8px&#8221; border_color_bottom=&#8221;#f7b500&#8243; global_colors_info=&#8221;{}&#8221; alt=&#8221;cementis_carri\u00e8re&#8221; title_text=&#8221;Cementis_Website_Banner_Our_People_1365x428_px_v2&#8243; sticky_enabled=&#8221;0&#8243;][\/et_pb_section][et_pb_section fb_built=&#8221;1&#8243; _builder_version=&#8221;4.16&#8243; _module_preset=&#8221;default&#8221; background_image=&#8221;https:\/\/cementis.io\/wp-content\/uploads\/2021\/07\/TOP-BANNER-1920px-x-1080px-BG-01-01-copy.jpg&#8221; custom_padding=&#8221;24px|||||&#8221; global_colors_info=&#8221;{}&#8221;][et_pb_row _builder_version=&#8221;4.16&#8243; _module_preset=&#8221;default&#8221; global_colors_info=&#8221;{}&#8221;][et_pb_column type=&#8221;4_4&#8243; _builder_version=&#8221;4.16&#8243; _module_preset=&#8221;default&#8221; global_colors_info=&#8221;{}&#8221;][et_pb_text _builder_version=&#8221;4.16&#8243; _module_preset=&#8221;default&#8221; global_colors_info=&#8221;{}&#8221;]<\/p>\n<div class=\"page\" title=\"Page 8\">\n<div class=\"section\">\n<div class=\"layoutArea\">\n<div class=\"column\">\n<h2><strong>OPPORTUNIT\u00c9S DE CARRI\u00c8RE \u00c0 CEMENTIS<\/strong><\/h2>\n<p>&nbsp;<\/p>\n<\/div>\n<\/div>\n<\/div>\n<\/div>\n<p>[\/et_pb_text][\/et_pb_column][\/et_pb_row][et_pb_row _builder_version=&#8221;4.16&#8243; _module_preset=&#8221;default&#8221; global_colors_info=&#8221;{}&#8221;][et_pb_column type=&#8221;4_4&#8243; _builder_version=&#8221;4.16&#8243; _module_preset=&#8221;default&#8221; global_colors_info=&#8221;{}&#8221;][et_pb_text _builder_version=&#8221;4.16&#8243; _module_preset=&#8221;default&#8221; global_colors_info=&#8221;{}&#8221;]<\/p>\n<div class=\"page\" title=\"Page 8\">\n<div class=\"section\">\n<div class=\"layoutArea\">\n<div class=\"column\">\n<h2><strong>Pourquoi CEMENTIS? <\/strong><\/h2>\n<p>&nbsp;<\/p>\n<p>&nbsp;<\/p>\n<p>Vous \u00eates \u00e0 la recherche de nouvelles opportunit\u00e9s dans l&#8217;industrie du ciment ?<\/p>\n<p>Dans toute la r\u00e9gion, nous travaillons avec des personnes exceptionnelles pour cr\u00e9er une valeur positive et \u00e0 long terme pour nos clients, nos collaborateurs, notre communaut\u00e9 et notre r\u00e9gion.<\/p>\n<p>Rejoignez l&#8217;\u00e9quipe CEMENTIS et construisez avec nous une exp\u00e9rience professionnelle dynamique et m\u00e9morable !<\/p>\n<\/div>\n<\/div>\n<\/div>\n<\/div>\n<p>[\/et_pb_text][\/et_pb_column][\/et_pb_row][et_pb_row disabled_on=&#8221;off|off|off&#8221; _builder_version=&#8221;4.16&#8243; _module_preset=&#8221;default&#8221; global_colors_info=&#8221;{}&#8221;][et_pb_column type=&#8221;4_4&#8243; _builder_version=&#8221;4.16&#8243; _module_preset=&#8221;default&#8221; global_colors_info=&#8221;{}&#8221;][et_pb_text disabled_on=&#8221;off|off|off&#8221; _builder_version=&#8221;4.16&#8243; _module_preset=&#8221;default&#8221; header_2_text_color=&#8221;gcid-5e2d3d4b-dee4-441d-abaa-32ff8dae7519&#8243; global_colors_info=&#8221;{%22gcid-5e2d3d4b-dee4-441d-abaa-32ff8dae7519%22:%91%22header_2_text_color%22%93}&#8221;]<\/p>\n<h2><strong>Offres d&#8217;Emploi Actuelles<\/strong><\/h2>\n<p>[\/et_pb_text][\/et_pb_column][\/et_pb_row][et_pb_row column_structure=&#8221;1_2,1_2&#8243; disabled_on=&#8221;off|off|off&#8221; _builder_version=&#8221;4.16&#8243; _module_preset=&#8221;default&#8221; global_colors_info=&#8221;{}&#8221;][et_pb_column type=&#8221;1_2&#8243; _builder_version=&#8221;4.16&#8243; _module_preset=&#8221;default&#8221; global_colors_info=&#8221;{}&#8221;][et_pb_accordion icon_color=&#8221;gcid-5e2d3d4b-dee4-441d-abaa-32ff8dae7519&#8243; disabled_on=&#8221;off|off|off&#8221; _builder_version=&#8221;4.16&#8243; _module_preset=&#8221;default&#8221; global_colors_info=&#8221;{%22gcid-5e2d3d4b-dee4-441d-abaa-32ff8dae7519%22:%91%22icon_color%22%93}&#8221;][et_pb_accordion_item title=&#8221;-                                                                                       &#8221; _builder_version=&#8221;4.16&#8243; _module_preset=&#8221;default&#8221; custom_css_main_element=&#8221;display:none;&#8221; global_colors_info=&#8221;{}&#8221; open=&#8221;on&#8221;]<\/p>\n<p>&#8211;<\/p>\n<p>[\/et_pb_accordion_item][et_pb_accordion_item title=&#8221;Commercial &#8221; open=&#8221;off&#8221; _builder_version=&#8221;4.16&#8243; _module_preset=&#8221;default&#8221; global_colors_info=&#8221;{}&#8221;]<\/p>\n<p><strong><u>Vos activit\u00e9s principales, sous la responsabilit\u00e9 du responsable commercial et logistique\u00a0: <\/u><\/strong><\/p>\n<p>Assurer la prospection et la commercialisation du ciment, sur toute l\u2019ile, dans le respect des r\u00e8gles de concurrence loyale et des directives anti-corruption, en :<\/p>\n<ul>\n<li>Appliquant la strat\u00e9gie commerciale d\u00e9finie en amont ainsi que la politique tarifaire associ\u00e9e<\/li>\n<li>S\u00e9curisant les volumes de vente actuels<\/li>\n<li>D\u00e9veloppant la part de vente de ciment sur le march\u00e9<\/li>\n<li>Veillant \u00e0 la satisfaction de la client\u00e8le en cr\u00e9ant de la valeur pour elle afin de la fid\u00e9liser<\/li>\n<li>Assurant la fluidit\u00e9 des \u00e9changes d\u2019information avec le client final<\/li>\n<li>Assurant la confidentialit\u00e9 des donn\u00e9es commerciales<\/li>\n<\/ul>\n<p><strong>\u00a0<\/strong><\/p>\n<p><strong><u>Votre profil<\/u><\/strong><\/p>\n<ul>\n<li>Vous avez une formation commerciale, compl\u00e9t\u00e9e par une exp\u00e9rience professionnelle technique ou une formation technique dans le domaine du b\u00e2timent ou des mat\u00e9riaux de construction.<\/li>\n<li>Vous \u00eates capable de travailler en \u00e9quipe et en transversalit\u00e9.<\/li>\n<li>Vous \u00eates dot\u00e9\u00b7e d\u2019une bonne connaissance des techniques de vente et de n\u00e9gociation<\/li>\n<\/ul>\n<p><strong>\u00a0<\/strong><\/p>\n<p><strong>Poste bas\u00e9 dans la zone portuaire de Longoni, avec des d\u00e9placements sur toute l\u2019\u00eele<\/strong><\/p>\n<p><strong>Type de contrat\u00a0: contrat \u00e0 dur\u00e9e ind\u00e9termin\u00e9e<\/strong><\/p>\n<p><strong>Statut\u00a0: non cadre<\/strong><\/p>\n<p><strong>Si vous souhaitez construire avec nous une exp\u00e9rience professionnelle dynamique et m\u00e9morable, rejoignez-vous\u00a0!<\/strong><\/p>\n<p><strong>Votre candidature est \u00e0 adresser par mail \u00e0\u00a0: <\/strong><span><a href=\"mailto:candy.mardaye@cementis.io\"><strong>candy.mardaye@cementis.io<\/strong><\/a><\/span><strong> et <a href=\"mailto:nadher.ali@cementis.io\">nadher.ali@cementis.io<\/a>\u00a0<\/strong><\/p>\n<p>[\/et_pb_accordion_item][\/et_pb_accordion][et_pb_text _builder_version=&#8221;4.16&#8243; _module_preset=&#8221;default&#8221; header_2_text_color=&#8221;gcid-5e2d3d4b-dee4-441d-abaa-32ff8dae7519&#8243; custom_margin=&#8221;90px|||||&#8221; global_colors_info=&#8221;{%22gcid-5e2d3d4b-dee4-441d-abaa-32ff8dae7519%22:%91%22header_2_text_color%22%93}&#8221;]<\/p>\n<h2>Envoyer une Candidature Spontan\u00e9e<\/h2>\n<p>[\/et_pb_text][\/et_pb_column][et_pb_column type=&#8221;1_2&#8243; _builder_version=&#8221;4.16&#8243; _module_preset=&#8221;default&#8221; global_colors_info=&#8221;{}&#8221;][\/et_pb_column][\/et_pb_row][et_pb_row _builder_version=&#8221;4.16&#8243; _module_preset=&#8221;default&#8221; global_colors_info=&#8221;{}&#8221;][et_pb_column type=&#8221;4_4&#8243; _builder_version=&#8221;4.16&#8243; _module_preset=&#8221;default&#8221; global_colors_info=&#8221;{}&#8221;][et_pb_contact_form submit_button_text=&#8221;SOUMETTRE VOTRE APPLICATION&#8221; _builder_version=&#8221;4.16&#8243; _module_preset=&#8221;default&#8221; _unique_id=&#8221;1da560b7-712a-4c48-aa37-785e378fb811&#8243; form_field_background_color=&#8221;#FFFFFF&#8221; form_field_text_color=&#8221;#3D4C5C&#8221; custom_button=&#8221;on&#8221; button_text_size=&#8221;15px&#8221; button_text_color=&#8221;#FFFFFF&#8221; button_bg_color=&#8221;gcid-5e2d3d4b-dee4-441d-abaa-32ff8dae7519&#8243; button_border_radius=&#8221;18px&#8221; button_use_icon=&#8221;off&#8221; button_text_size_tablet=&#8221;15px&#8221; button_text_size_phone=&#8221;10px&#8221; button_text_size_last_edited=&#8221;on|phone&#8221; border_radii=&#8221;on|10px|10px|10px|10px&#8221; border_width_all=&#8221;2px&#8221; border_color_all=&#8221;gcid-5e2d3d4b-dee4-441d-abaa-32ff8dae7519&#8243; global_colors_info=&#8221;{%22gcid-5e2d3d4b-dee4-441d-abaa-32ff8dae7519%22:%91%22border_color_all%22,%22button_bg_color%22%93}&#8221;][et_pb_contact_field field_id=&#8221;Name&#8221; field_title=&#8221;Pr\u00e9nom&#8221; _builder_version=&#8221;4.16&#8243; global_colors_info=&#8221;{}&#8221; button_text_size__hover_enabled=&#8221;off&#8221; button_one_text_size__hover_enabled=&#8221;off&#8221; button_two_text_size__hover_enabled=&#8221;off&#8221; button_text_color__hover_enabled=&#8221;off&#8221; button_one_text_color__hover_enabled=&#8221;off&#8221; button_two_text_color__hover_enabled=&#8221;off&#8221; button_border_width__hover_enabled=&#8221;off&#8221; button_one_border_width__hover_enabled=&#8221;off&#8221; button_two_border_width__hover_enabled=&#8221;off&#8221; button_border_color__hover_enabled=&#8221;off&#8221; button_one_border_color__hover_enabled=&#8221;off&#8221; button_two_border_color__hover_enabled=&#8221;off&#8221; button_border_radius__hover_enabled=&#8221;off&#8221; button_one_border_radius__hover_enabled=&#8221;off&#8221; button_two_border_radius__hover_enabled=&#8221;off&#8221; button_letter_spacing__hover_enabled=&#8221;off&#8221; button_one_letter_spacing__hover_enabled=&#8221;off&#8221; button_two_letter_spacing__hover_enabled=&#8221;off&#8221; button_bg_color__hover_enabled=&#8221;off&#8221; button_one_bg_color__hover_enabled=&#8221;off&#8221; button_two_bg_color__hover_enabled=&#8221;off&#8221;][\/et_pb_contact_field][et_pb_contact_field field_id=&#8221;Surname&#8221; field_title=&#8221;Nom&#8221; _builder_version=&#8221;4.16&#8243; global_colors_info=&#8221;{}&#8221; button_text_size__hover_enabled=&#8221;off&#8221; button_one_text_size__hover_enabled=&#8221;off&#8221; button_two_text_size__hover_enabled=&#8221;off&#8221; button_text_color__hover_enabled=&#8221;off&#8221; button_one_text_color__hover_enabled=&#8221;off&#8221; button_two_text_color__hover_enabled=&#8221;off&#8221; button_border_width__hover_enabled=&#8221;off&#8221; button_one_border_width__hover_enabled=&#8221;off&#8221; button_two_border_width__hover_enabled=&#8221;off&#8221; button_border_color__hover_enabled=&#8221;off&#8221; button_one_border_color__hover_enabled=&#8221;off&#8221; button_two_border_color__hover_enabled=&#8221;off&#8221; button_border_radius__hover_enabled=&#8221;off&#8221; button_one_border_radius__hover_enabled=&#8221;off&#8221; button_two_border_radius__hover_enabled=&#8221;off&#8221; button_letter_spacing__hover_enabled=&#8221;off&#8221; button_one_letter_spacing__hover_enabled=&#8221;off&#8221; button_two_letter_spacing__hover_enabled=&#8221;off&#8221; button_bg_color__hover_enabled=&#8221;off&#8221; button_one_bg_color__hover_enabled=&#8221;off&#8221; button_two_bg_color__hover_enabled=&#8221;off&#8221;][\/et_pb_contact_field][et_pb_contact_field field_id=&#8221;Job&#8221; field_title=&#8221;Position (si applicable)&#8221; field_type=&#8221;email&#8221; _builder_version=&#8221;4.16&#8243; global_colors_info=&#8221;{}&#8221; button_text_size__hover_enabled=&#8221;off&#8221; button_one_text_size__hover_enabled=&#8221;off&#8221; button_two_text_size__hover_enabled=&#8221;off&#8221; button_text_color__hover_enabled=&#8221;off&#8221; button_one_text_color__hover_enabled=&#8221;off&#8221; button_two_text_color__hover_enabled=&#8221;off&#8221; button_border_width__hover_enabled=&#8221;off&#8221; button_one_border_width__hover_enabled=&#8221;off&#8221; button_two_border_width__hover_enabled=&#8221;off&#8221; button_border_color__hover_enabled=&#8221;off&#8221; button_one_border_color__hover_enabled=&#8221;off&#8221; button_two_border_color__hover_enabled=&#8221;off&#8221; button_border_radius__hover_enabled=&#8221;off&#8221; button_one_border_radius__hover_enabled=&#8221;off&#8221; button_two_border_radius__hover_enabled=&#8221;off&#8221; button_letter_spacing__hover_enabled=&#8221;off&#8221; button_one_letter_spacing__hover_enabled=&#8221;off&#8221; button_two_letter_spacing__hover_enabled=&#8221;off&#8221; button_bg_color__hover_enabled=&#8221;off&#8221; button_one_bg_color__hover_enabled=&#8221;off&#8221; button_two_bg_color__hover_enabled=&#8221;off&#8221;][\/et_pb_contact_field][et_pb_contact_field field_id=&#8221;Country&#8221; field_title=&#8221;Pays&#8221; field_type=&#8221;email&#8221; _builder_version=&#8221;4.16&#8243; global_colors_info=&#8221;{}&#8221; button_text_size__hover_enabled=&#8221;off&#8221; button_one_text_size__hover_enabled=&#8221;off&#8221; button_two_text_size__hover_enabled=&#8221;off&#8221; button_text_color__hover_enabled=&#8221;off&#8221; button_one_text_color__hover_enabled=&#8221;off&#8221; button_two_text_color__hover_enabled=&#8221;off&#8221; button_border_width__hover_enabled=&#8221;off&#8221; button_one_border_width__hover_enabled=&#8221;off&#8221; button_two_border_width__hover_enabled=&#8221;off&#8221; button_border_color__hover_enabled=&#8221;off&#8221; button_one_border_color__hover_enabled=&#8221;off&#8221; button_two_border_color__hover_enabled=&#8221;off&#8221; button_border_radius__hover_enabled=&#8221;off&#8221; button_one_border_radius__hover_enabled=&#8221;off&#8221; button_two_border_radius__hover_enabled=&#8221;off&#8221; button_letter_spacing__hover_enabled=&#8221;off&#8221; button_one_letter_spacing__hover_enabled=&#8221;off&#8221; button_two_letter_spacing__hover_enabled=&#8221;off&#8221; button_bg_color__hover_enabled=&#8221;off&#8221; button_one_bg_color__hover_enabled=&#8221;off&#8221; button_two_bg_color__hover_enabled=&#8221;off&#8221;][\/et_pb_contact_field][et_pb_contact_field field_id=&#8221;Email&#8221; field_title=&#8221;Courriel&#8221; field_type=&#8221;email&#8221; _builder_version=&#8221;4.16&#8243; global_colors_info=&#8221;{}&#8221; button_text_size__hover_enabled=&#8221;off&#8221; button_one_text_size__hover_enabled=&#8221;off&#8221; button_two_text_size__hover_enabled=&#8221;off&#8221; button_text_color__hover_enabled=&#8221;off&#8221; button_one_text_color__hover_enabled=&#8221;off&#8221; button_two_text_color__hover_enabled=&#8221;off&#8221; button_border_width__hover_enabled=&#8221;off&#8221; button_one_border_width__hover_enabled=&#8221;off&#8221; button_two_border_width__hover_enabled=&#8221;off&#8221; button_border_color__hover_enabled=&#8221;off&#8221; button_one_border_color__hover_enabled=&#8221;off&#8221; button_two_border_color__hover_enabled=&#8221;off&#8221; button_border_radius__hover_enabled=&#8221;off&#8221; button_one_border_radius__hover_enabled=&#8221;off&#8221; button_two_border_radius__hover_enabled=&#8221;off&#8221; button_letter_spacing__hover_enabled=&#8221;off&#8221; button_one_letter_spacing__hover_enabled=&#8221;off&#8221; button_two_letter_spacing__hover_enabled=&#8221;off&#8221; button_bg_color__hover_enabled=&#8221;off&#8221; button_one_bg_color__hover_enabled=&#8221;off&#8221; button_two_bg_color__hover_enabled=&#8221;off&#8221;][\/et_pb_contact_field][et_pb_contact_field field_id=&#8221;Number&#8221; field_title=&#8221;Num\u00e9ro de t\u00e9l\u00e9phone&#8221; field_type=&#8221;email&#8221; _builder_version=&#8221;4.16&#8243; global_colors_info=&#8221;{}&#8221; button_text_size__hover_enabled=&#8221;off&#8221; button_one_text_size__hover_enabled=&#8221;off&#8221; button_two_text_size__hover_enabled=&#8221;off&#8221; button_text_color__hover_enabled=&#8221;off&#8221; button_one_text_color__hover_enabled=&#8221;off&#8221; button_two_text_color__hover_enabled=&#8221;off&#8221; button_border_width__hover_enabled=&#8221;off&#8221; button_one_border_width__hover_enabled=&#8221;off&#8221; button_two_border_width__hover_enabled=&#8221;off&#8221; button_border_color__hover_enabled=&#8221;off&#8221; button_one_border_color__hover_enabled=&#8221;off&#8221; button_two_border_color__hover_enabled=&#8221;off&#8221; button_border_radius__hover_enabled=&#8221;off&#8221; button_one_border_radius__hover_enabled=&#8221;off&#8221; button_two_border_radius__hover_enabled=&#8221;off&#8221; button_letter_spacing__hover_enabled=&#8221;off&#8221; button_one_letter_spacing__hover_enabled=&#8221;off&#8221; button_two_letter_spacing__hover_enabled=&#8221;off&#8221; button_bg_color__hover_enabled=&#8221;off&#8221; button_one_bg_color__hover_enabled=&#8221;off&#8221; button_two_bg_color__hover_enabled=&#8221;off&#8221;][\/et_pb_contact_field][et_pb_contact_field field_id=&#8221;Message&#8221; field_title=&#8221;Message de motivation&#8221; field_type=&#8221;text&#8221; fullwidth_field=&#8221;on&#8221; _builder_version=&#8221;4.16&#8243; global_colors_info=&#8221;{}&#8221; button_text_size__hover_enabled=&#8221;off&#8221; button_one_text_size__hover_enabled=&#8221;off&#8221; button_two_text_size__hover_enabled=&#8221;off&#8221; button_text_color__hover_enabled=&#8221;off&#8221; button_one_text_color__hover_enabled=&#8221;off&#8221; button_two_text_color__hover_enabled=&#8221;off&#8221; button_border_width__hover_enabled=&#8221;off&#8221; button_one_border_width__hover_enabled=&#8221;off&#8221; button_two_border_width__hover_enabled=&#8221;off&#8221; button_border_color__hover_enabled=&#8221;off&#8221; button_one_border_color__hover_enabled=&#8221;off&#8221; button_two_border_color__hover_enabled=&#8221;off&#8221; button_border_radius__hover_enabled=&#8221;off&#8221; button_one_border_radius__hover_enabled=&#8221;off&#8221; button_two_border_radius__hover_enabled=&#8221;off&#8221; button_letter_spacing__hover_enabled=&#8221;off&#8221; button_one_letter_spacing__hover_enabled=&#8221;off&#8221; button_two_letter_spacing__hover_enabled=&#8221;off&#8221; button_bg_color__hover_enabled=&#8221;off&#8221; button_one_bg_color__hover_enabled=&#8221;off&#8221; button_two_bg_color__hover_enabled=&#8221;off&#8221;][\/et_pb_contact_field][\/et_pb_contact_form][\/et_pb_column][\/et_pb_row][\/et_pb_section]<\/p>\n","protected":false},"excerpt":{"rendered":"<p>OPPORTUNIT\u00c9S DE CARRI\u00c8RE \u00c0 CEMENTIS &nbsp; Pourquoi CEMENTIS? &nbsp; &nbsp; Vous \u00eates \u00e0 la recherche de nouvelles opportunit\u00e9s dans l&#8217;industrie du ciment ? Dans toute la r\u00e9gion, nous travaillons avec des personnes exceptionnelles pour cr\u00e9er une valeur positive et \u00e0 long terme pour nos clients, nos collaborateurs, notre communaut\u00e9 et notre r\u00e9gion. Rejoignez l&#8217;\u00e9quipe CEMENTIS [&hellip;]<\/p>\n","protected":false},"author":1,"featured_media":0,"parent":0,"menu_order":0,"comment_status":"closed","ping_status":"closed","template":"","meta":{"_et_pb_use_builder":"on","_et_pb_old_content":"","_et_gb_content_width":"","footnotes":""},"class_list":["post-5","page","type-page","status-publish","hentry"],"_links":{"self":[{"href":"https:\/\/cementis.io\/yt\/wp-json\/wp\/v2\/pages\/5","targetHints":{"allow":["GET"]}}],"collection":[{"href":"https:\/\/cementis.io\/yt\/wp-json\/wp\/v2\/pages"}],"about":[{"href":"https:\/\/cementis.io\/yt\/wp-json\/wp\/v2\/types\/page"}],"author":[{"embeddable":true,"href":"https:\/\/cementis.io\/yt\/wp-json\/wp\/v2\/users\/1"}],"replies":[{"embeddable":true,"href":"https:\/\/cementis.io\/yt\/wp-json\/wp\/v2\/comments?post=5"}],"version-history":[{"count":1,"href":"https:\/\/cementis.io\/yt\/wp-json\/wp\/v2\/pages\/5\/revisions"}],"predecessor-version":[{"id":392,"href":"https:\/\/cementis.io\/yt\/wp-json\/wp\/v2\/pages\/5\/revisions\/392"}],"wp:attachment":[{"href":"https:\/\/cementis.io\/yt\/wp-json\/wp\/v2\/media?parent=5"}],"curies":[{"name":"wp","href":"https:\/\/api.w.org\/{rel}","templated":true}]}}