{"id":8,"date":"2021-10-15T08:50:35","date_gmt":"2021-10-15T08:50:35","guid":{"rendered":"https:\/\/cementis.io\/re\/sustainable-prosperity\/"},"modified":"2026-03-12T18:35:45","modified_gmt":"2026-03-12T18:35:45","slug":"prosperite-durable","status":"publish","type":"page","link":"https:\/\/cementis.io\/re\/prosperite-durable\/","title":{"rendered":"Prosp\u00e9rit\u00e9 Durable"},"content":{"rendered":"<p>[et_pb_section fb_built=\u00a0\u00bb1&Prime; _builder_version=\u00a0\u00bb4.21.0&Prime; _module_preset=\u00a0\u00bbdefault\u00a0\u00bb background_image=\u00a0\u00bbhttps:\/\/cementis.io\/re\/wp-content\/uploads\/sites\/8\/2024\/08\/Cementis_Batir_Vert_1920x540_v1-100.jpg\u00a0\u00bb custom_padding=\u00a0\u00bb||365px||false|false\u00a0\u00bb border_width_bottom=\u00a0\u00bb8px\u00a0\u00bb border_color_bottom=\u00a0\u00bbgcid-5e2d3d4b-dee4-441d-abaa-32ff8dae7519&Prime; global_colors_info=\u00a0\u00bb{%22gcid-5e2d3d4b-dee4-441d-abaa-32ff8dae7519%22:%91%22border_color_bottom%22%93}\u00a0\u00bb][\/et_pb_section][et_pb_section fb_built=\u00a0\u00bb1&Prime; _builder_version=\u00a0\u00bb4.16&Prime; _module_preset=\u00a0\u00bbdefault\u00a0\u00bb custom_padding=\u00a0\u00bb36px||0px|||\u00a0\u00bb global_colors_info=\u00a0\u00bb{}\u00a0\u00bb][et_pb_row _builder_version=\u00a0\u00bb4.16&Prime; _module_preset=\u00a0\u00bbdefault\u00a0\u00bb global_colors_info=\u00a0\u00bb{}\u00a0\u00bb][et_pb_column type=\u00a0\u00bb4_4&Prime; _builder_version=\u00a0\u00bb4.16&Prime; _module_preset=\u00a0\u00bbdefault\u00a0\u00bb global_colors_info=\u00a0\u00bb{}\u00a0\u00bb][et_pb_text _builder_version=\u00a0\u00bb4.16&Prime; _module_preset=\u00a0\u00bbdefault\u00a0\u00bb header_text_color=\u00a0\u00bbgcid-5e2d3d4b-dee4-441d-abaa-32ff8dae7519&Prime; global_colors_info=\u00a0\u00bb{%22gcid-5e2d3d4b-dee4-441d-abaa-32ff8dae7519%22:%91%22header_text_color%22%93}\u00a0\u00bb]<\/p>\n<div class=\"page\" title=\"Page 5\">\n<div class=\"section\">\n<div class=\"layoutArea\">\n<div class=\"column\">\n<h1>CONSTRUISONS UNE <strong>PROSP\u00c9RIT\u00c9 DURABLE <\/strong><\/h1>\n<\/div>\n<\/div>\n<\/div>\n<\/div>\n<p>[\/et_pb_text][\/et_pb_column][\/et_pb_row][et_pb_row _builder_version=\u00a0\u00bb4.16&Prime; _module_preset=\u00a0\u00bbdefault\u00a0\u00bb custom_margin=\u00a0\u00bb-14px|auto||auto||\u00a0\u00bb global_colors_info=\u00a0\u00bb{}\u00a0\u00bb][et_pb_column type=\u00a0\u00bb4_4&Prime; _builder_version=\u00a0\u00bb4.16&Prime; _module_preset=\u00a0\u00bbdefault\u00a0\u00bb global_colors_info=\u00a0\u00bb{}\u00a0\u00bb][et_pb_text _builder_version=\u00a0\u00bb4.16&Prime; _module_preset=\u00a0\u00bbdefault\u00a0\u00bb global_colors_info=\u00a0\u00bb{}\u00a0\u00bb]<\/p>\n<div class=\"page\" title=\"Page 5\">\n<div class=\"section\">\n<div class=\"layoutArea\">\n<div class=\"column\">\n<p>CEMENTIS pr\u00f4ne la prosp\u00e9rit\u00e9 durable pour notre r\u00e9gion, notre communaut\u00e9 et les g\u00e9n\u00e9rations futures.<\/p>\n<p>Nous cherchons \u00e0 cr\u00e9er une prosp\u00e9rit\u00e9 adapt\u00e9e \u00e0 notre activit\u00e9, qu\u2019elle soit \u00e0 la fois durable et viable sur le long terme. La prosp\u00e9rit\u00e9 de chaque \u00eele contribue \u00e0 la prosp\u00e9rit\u00e9 collective de toutes les autres \u00eeles, en se soutenant les unes les autres et en fa\u00e7onnant une \u00e9conomie r\u00e9gionale qui favorise un environnement positif et une communaut\u00e9 plus forte.<\/p>\n<p>&nbsp;<\/p>\n<\/div>\n<\/div>\n<\/div>\n<\/div>\n<p>[\/et_pb_text][\/et_pb_column][\/et_pb_row][\/et_pb_section][et_pb_section fb_built=\u00a0\u00bb1&Prime; fullwidth=\u00a0\u00bbon\u00a0\u00bb _builder_version=\u00a0\u00bb4.16&Prime; _module_preset=\u00a0\u00bbdefault\u00a0\u00bb global_colors_info=\u00a0\u00bb{}\u00a0\u00bb][et_pb_fullwidth_slider use_bg_overlay=\u00a0\u00bbon\u00a0\u00bb use_text_overlay=\u00a0\u00bbon\u00a0\u00bb admin_label=\u00a0\u00bbFullwidth Slider\u00a0\u00bb _builder_version=\u00a0\u00bb4.16&Prime; _module_preset=\u00a0\u00bbdefault\u00a0\u00bb header_text_align=\u00a0\u00bbleft\u00a0\u00bb header_font_size=\u00a0\u00bb30px\u00a0\u00bb text_orientation=\u00a0\u00bbleft\u00a0\u00bb module_alignment=\u00a0\u00bbleft\u00a0\u00bb custom_padding=\u00a0\u00bb22rem||3rem|3rem|false|false\u00a0\u00bb global_colors_info=\u00a0\u00bb{}\u00a0\u00bb][et_pb_slide heading=\u00a0\u00bbLE 1ER SAC DE CIMENT ECOLABEL \u00a0\u00bb use_bg_overlay=\u00a0\u00bbon\u00a0\u00bb use_text_overlay=\u00a0\u00bbon\u00a0\u00bb _builder_version=\u00a0\u00bb4.16&Prime; _module_preset=\u00a0\u00bbdefault\u00a0\u00bb background_enable_color=\u00a0\u00bboff\u00a0\u00bb background_image=\u00a0\u00bbhttps:\/\/cementis.io\/re\/wp-content\/uploads\/sites\/8\/2021\/10\/CEMENTIS-WEBSITE-SUSTAINABLE-PROSPERITY-BANNER-1-1920X720-2.jpg\u00a0\u00bb background_enable_image=\u00a0\u00bbon\u00a0\u00bb global_colors_info=\u00a0\u00bb{}\u00a0\u00bb sticky_transition=\u00a0\u00bbon\u00a0\u00bb]<\/p>\n<p>Il est d\u00e9sormais possible d\u2019acheter un ciment 32,5 certifi\u00e9 aux normes fran\u00e7aises, fabriqu\u00e9 localement avec 30% de mat\u00e9riaux recycl\u00e9s. Il est \u00e0 utiliser pour tous types de travaux de ma\u00e7onnerie courante.<\/p>\n<p>[\/et_pb_slide][et_pb_slide heading=\u00a0\u00bbLE 1ER SAC ENTI\u00c8REMENT DIG\u00c9R\u00c9 PAR LA B\u00c9TONI\u00c8RE !\u00a0\u00bb use_bg_overlay=\u00a0\u00bbon\u00a0\u00bb use_text_overlay=\u00a0\u00bbon\u00a0\u00bb _builder_version=\u00a0\u00bb4.16&Prime; _module_preset=\u00a0\u00bbdefault\u00a0\u00bb background_enable_color=\u00a0\u00bboff\u00a0\u00bb background_image=\u00a0\u00bbhttps:\/\/cementis.io\/re\/wp-content\/uploads\/sites\/8\/2021\/10\/CEMENTIS-WEBSITE-SUSTAINABLE-PROSPERITY-BANNER-1-1920X720-3.jpg\u00a0\u00bb background_enable_image=\u00a0\u00bbon\u00a0\u00bb global_colors_info=\u00a0\u00bb{}\u00a0\u00bb sticky_transition=\u00a0\u00bbon\u00a0\u00bb][\/et_pb_slide][\/et_pb_fullwidth_slider][\/et_pb_section][et_pb_section fb_built=\u00a0\u00bb1&Prime; _builder_version=\u00a0\u00bb4.16&Prime; _module_preset=\u00a0\u00bbdefault\u00a0\u00bb background_color=\u00a0\u00bbgcid-5e2d3d4b-dee4-441d-abaa-32ff8dae7519&Prime; custom_padding=\u00a0\u00bb1px||0px||false|false\u00a0\u00bb global_colors_info=\u00a0\u00bb{%22gcid-5e2d3d4b-dee4-441d-abaa-32ff8dae7519%22:%91%22background_color%22%93}\u00a0\u00bb][et_pb_row _builder_version=\u00a0\u00bb4.16&Prime; _module_preset=\u00a0\u00bbdefault\u00a0\u00bb custom_margin=\u00a0\u00bb-443px||||false|false\u00a0\u00bb custom_padding=\u00a0\u00bb0px||0px||false|false\u00a0\u00bb global_colors_info=\u00a0\u00bb{}\u00a0\u00bb][et_pb_column type=\u00a0\u00bb4_4&Prime; _builder_version=\u00a0\u00bb4.16&Prime; _module_preset=\u00a0\u00bbdefault\u00a0\u00bb global_colors_info=\u00a0\u00bb{}\u00a0\u00bb][et_pb_text _builder_version=\u00a0\u00bb4.16&Prime; _module_preset=\u00a0\u00bbdefault\u00a0\u00bb background_layout=\u00a0\u00bbdark\u00a0\u00bb custom_padding=\u00a0\u00bb||0px|||\u00a0\u00bb text_text_shadow_style=\u00a0\u00bbpreset3&Prime; global_colors_info=\u00a0\u00bb{}\u00a0\u00bb]<\/p>\n<div class=\"page\" title=\"Page 5\">\n<div class=\"section\">\n<div class=\"layoutArea\">\n<div class=\"column\">\n<h1>CONSTRUISONS UN <strong>MEILLEUR ENVIRONNEMENT <\/strong><\/h1>\n<\/div>\n<\/div>\n<\/div>\n<\/div>\n<p>[\/et_pb_text][\/et_pb_column][\/et_pb_row][\/et_pb_section][et_pb_section fb_built=\u00a0\u00bb1&Prime; _builder_version=\u00a0\u00bb4.16&Prime; _module_preset=\u00a0\u00bbdefault\u00a0\u00bb background_color=\u00a0\u00bb#FFB600&Prime; global_colors_info=\u00a0\u00bb{}\u00a0\u00bb][et_pb_row _builder_version=\u00a0\u00bb4.16&Prime; _module_preset=\u00a0\u00bbdefault\u00a0\u00bb global_colors_info=\u00a0\u00bb{}\u00a0\u00bb][et_pb_column type=\u00a0\u00bb4_4&Prime; _builder_version=\u00a0\u00bb4.16&Prime; _module_preset=\u00a0\u00bbdefault\u00a0\u00bb global_colors_info=\u00a0\u00bb{}\u00a0\u00bb][et_pb_text _builder_version=\u00a0\u00bb4.16&Prime; _module_preset=\u00a0\u00bbdefault\u00a0\u00bb global_colors_info=\u00a0\u00bb{}\u00a0\u00bb]<\/p>\n<div class=\"page\" title=\"Page 5\">\n<div class=\"section\">\n<div class=\"layoutArea\">\n<div class=\"column\">\n<p>Chez CEMENTIS, nous sommes conscients des d\u00e9fis environnementaux et de nos responsabilit\u00e9s en tant que producteur et distributeur de ciment. Gr\u00e2ce \u00e0 la technologie Mixopack, nous cherchons \u00e0 minimiser toute empreinte environnementale, conform\u00e9ment \u00e0 nos objectifs de d\u00e9veloppement durable. C\u2019est un sac dot\u00e9 d\u2019une technologie innovante qui permet de l\u2019introduire dans votre b\u00e9tonni\u00e8re sans l\u2019ouvrir. R\u00e9sultat : le sac dispara\u00eet au moment de son utilisation, en une seule \u00e9tape, tout en gardant intactes les propri\u00e9t\u00e9s du b\u00e9ton et du mortier. Cela minimise les d\u00e9chets et favorise la propret\u00e9 sur votre chantier.<\/p>\n<p>Nous croyons en un avenir plus vert pour la prochaine g\u00e9n\u00e9ration, qui d\u00e9pend de nous et de tous les acteurs de la r\u00e9gion.<\/p>\n<\/div>\n<\/div>\n<\/div>\n<\/div>\n<p>[\/et_pb_text][\/et_pb_column][\/et_pb_row][\/et_pb_section][et_pb_section fb_built=\u00a0\u00bb1&Prime; fullwidth=\u00a0\u00bbon\u00a0\u00bb _builder_version=\u00a0\u00bb4.16&Prime; _module_preset=\u00a0\u00bbdefault\u00a0\u00bb background_enable_image=\u00a0\u00bboff\u00a0\u00bb global_colors_info=\u00a0\u00bb{}\u00a0\u00bb][et_pb_fullwidth_slider show_arrows=\u00a0\u00bboff\u00a0\u00bb show_pagination=\u00a0\u00bboff\u00a0\u00bb admin_label=\u00a0\u00bbFullwidth Slider\u00a0\u00bb _builder_version=\u00a0\u00bb4.16&Prime; _module_preset=\u00a0\u00bbdefault\u00a0\u00bb header_text_align=\u00a0\u00bbleft\u00a0\u00bb header_font_size=\u00a0\u00bb30px\u00a0\u00bb text_orientation=\u00a0\u00bbleft\u00a0\u00bb module_alignment=\u00a0\u00bbleft\u00a0\u00bb custom_padding=\u00a0\u00bb22rem||3rem|3rem|false|false\u00a0\u00bb global_colors_info=\u00a0\u00bb{}\u00a0\u00bb][et_pb_slide heading=\u00a0\u00bbValoriser les d\u00e9chets\u00a0\u00bb use_bg_overlay=\u00a0\u00bbon\u00a0\u00bb use_text_overlay=\u00a0\u00bbon\u00a0\u00bb _builder_version=\u00a0\u00bb4.16&Prime; _module_preset=\u00a0\u00bbdefault\u00a0\u00bb background_enable_color=\u00a0\u00bboff\u00a0\u00bb background_image=\u00a0\u00bbhttps:\/\/cementis.io\/re\/wp-content\/uploads\/sites\/8\/2021\/10\/CEMENTIS-WEBSITE-SUSTAINABLE-PROSPERITY-BANNER-2-1920X540-2-1.jpg\u00a0\u00bb background_enable_image=\u00a0\u00bbon\u00a0\u00bb global_colors_info=\u00a0\u00bb{}\u00a0\u00bb sticky_transition=\u00a0\u00bbon\u00a0\u00bb]<\/p>\n<p><span>De nombreux d\u00e9chets, n&rsquo;ayant d&rsquo;autre exutoire que les d\u00e9charges, peuvent \u00eatre transform\u00e9s et les nuisances qui leur sont inh\u00e9rentes pr\u00e9venues. Nous avons mis en place le tri s\u00e9lectif sur notre site du Port et travaillons \u00e0 la r\u00e9duction \u00e0 la source de nos d\u00e9chets. Nous valorisons \u00e9galement le sulfogypse, sous-produit industriel des centrales \u00e9lectriques thermiques, dans les processus de fabrication de nos produits.<\/span><\/p>\n<p><span>Dans le cadre de la remise en \u00e9tat de notre site de la Plaine D\u00e9faud, nous permettons depuis 2020 le d\u00e9p\u00f4t des d\u00e9chets inertes de la construction.<\/span><\/p>\n<p>[\/et_pb_slide][\/et_pb_fullwidth_slider][\/et_pb_section][et_pb_section fb_built=\u00a0\u00bb1&Prime; _builder_version=\u00a0\u00bb4.16&Prime; _module_preset=\u00a0\u00bbdefault\u00a0\u00bb background_color=\u00a0\u00bb#3D4C5C\u00a0\u00bb background_enable_image=\u00a0\u00bboff\u00a0\u00bb custom_padding=\u00a0\u00bb1px||0px||false|false\u00a0\u00bb global_colors_info=\u00a0\u00bb{}\u00a0\u00bb][et_pb_row _builder_version=\u00a0\u00bb4.16&Prime; _module_preset=\u00a0\u00bbdefault\u00a0\u00bb custom_margin=\u00a0\u00bb-443px||||false|false\u00a0\u00bb custom_padding=\u00a0\u00bb0px||0px||false|false\u00a0\u00bb global_colors_info=\u00a0\u00bb{}\u00a0\u00bb][et_pb_column type=\u00a0\u00bb4_4&Prime; _builder_version=\u00a0\u00bb4.16&Prime; _module_preset=\u00a0\u00bbdefault\u00a0\u00bb global_colors_info=\u00a0\u00bb{}\u00a0\u00bb][et_pb_text _builder_version=\u00a0\u00bb4.16&Prime; _module_preset=\u00a0\u00bbdefault\u00a0\u00bb background_layout=\u00a0\u00bbdark\u00a0\u00bb custom_padding=\u00a0\u00bb||0px|||\u00a0\u00bb text_text_shadow_style=\u00a0\u00bbpreset3&Prime; global_colors_info=\u00a0\u00bb{}\u00a0\u00bb]<\/p>\n<div class=\"page\" title=\"Page 5\">\n<div class=\"section\">\n<div class=\"layoutArea\">\n<div class=\"column\">\n<h1>CONSTRUISONS UNE <strong>COMMUNAUT\u00c9 PLUS FORTE <\/strong><\/h1>\n<\/div>\n<\/div>\n<\/div>\n<\/div>\n<p>[\/et_pb_text][\/et_pb_column][\/et_pb_row][\/et_pb_section]<\/p>\n","protected":false},"excerpt":{"rendered":"<p>CONSTRUISONS UNE PROSP\u00c9RIT\u00c9 DURABLE CEMENTIS pr\u00f4ne la prosp\u00e9rit\u00e9 durable pour notre r\u00e9gion, notre communaut\u00e9 et les g\u00e9n\u00e9rations futures. Nous cherchons \u00e0 cr\u00e9er une prosp\u00e9rit\u00e9 adapt\u00e9e \u00e0 notre activit\u00e9, qu\u2019elle soit \u00e0 la fois durable et viable sur le long terme. La prosp\u00e9rit\u00e9 de chaque \u00eele contribue \u00e0 la prosp\u00e9rit\u00e9 collective de toutes les autres \u00eeles, [&hellip;]<\/p>\n","protected":false},"author":1,"featured_media":0,"parent":0,"menu_order":0,"comment_status":"closed","ping_status":"closed","template":"","meta":{"_et_pb_use_builder":"on","_et_pb_old_content":"","_et_gb_content_width":"","footnotes":""},"class_list":["post-8","page","type-page","status-publish","hentry"],"_links":{"self":[{"href":"https:\/\/cementis.io\/re\/wp-json\/wp\/v2\/pages\/8","targetHints":{"allow":["GET"]}}],"collection":[{"href":"https:\/\/cementis.io\/re\/wp-json\/wp\/v2\/pages"}],"about":[{"href":"https:\/\/cementis.io\/re\/wp-json\/wp\/v2\/types\/page"}],"author":[{"embeddable":true,"href":"https:\/\/cementis.io\/re\/wp-json\/wp\/v2\/users\/1"}],"replies":[{"embeddable":true,"href":"https:\/\/cementis.io\/re\/wp-json\/wp\/v2\/comments?post=8"}],"version-history":[{"count":2,"href":"https:\/\/cementis.io\/re\/wp-json\/wp\/v2\/pages\/8\/revisions"}],"predecessor-version":[{"id":616,"href":"https:\/\/cementis.io\/re\/wp-json\/wp\/v2\/pages\/8\/revisions\/616"}],"wp:attachment":[{"href":"https:\/\/cementis.io\/re\/wp-json\/wp\/v2\/media?parent=8"}],"curies":[{"name":"wp","href":"https:\/\/api.w.org\/{rel}","templated":true}]}}