{"id":7,"date":"2021-10-15T09:15:18","date_gmt":"2021-10-15T09:15:18","guid":{"rendered":"https:\/\/cementis.io\/re\/our-people\/"},"modified":"2025-11-24T10:51:58","modified_gmt":"2025-11-24T10:51:58","slug":"nos-collaborateurs","status":"publish","type":"page","link":"https:\/\/cementis.io\/re\/nos-collaborateurs\/","title":{"rendered":"Nos Collaborateurs"},"content":{"rendered":"<p>[et_pb_section fb_built=\u00a0\u00bb1&Prime; _builder_version=\u00a0\u00bb4.16&Prime; _module_preset=\u00a0\u00bbdefault\u00a0\u00bb background_image=\u00a0\u00bbhttps:\/\/cementis.io\/re\/wp-content\/uploads\/sites\/8\/2021\/10\/CEMENTIS-WEBSITE-REUNION-HOME-PAGE-BANNER-1-1920X1080-1.jpg\u00a0\u00bb custom_padding=\u00a0\u00bb344px||99px|||\u00a0\u00bb border_width_bottom=\u00a0\u00bb8px\u00a0\u00bb border_color_bottom=\u00a0\u00bbgcid-5e2d3d4b-dee4-441d-abaa-32ff8dae7519&Prime; global_colors_info=\u00a0\u00bb{%22gcid-5e2d3d4b-dee4-441d-abaa-32ff8dae7519%22:%91%22border_color_bottom%22%93}\u00a0\u00bb][et_pb_row _builder_version=\u00a0\u00bb4.16&Prime; _module_preset=\u00a0\u00bbdefault\u00a0\u00bb custom_padding=\u00a0\u00bb||0px|||\u00a0\u00bb global_colors_info=\u00a0\u00bb{}\u00a0\u00bb][et_pb_column type=\u00a0\u00bb4_4&Prime; _builder_version=\u00a0\u00bb4.16&Prime; _module_preset=\u00a0\u00bbdefault\u00a0\u00bb global_colors_info=\u00a0\u00bb{}\u00a0\u00bb][et_pb_text _builder_version=\u00a0\u00bb4.16&Prime; _module_preset=\u00a0\u00bbdefault\u00a0\u00bb background_layout=\u00a0\u00bbdark\u00a0\u00bb global_colors_info=\u00a0\u00bb{}\u00a0\u00bb]<\/p>\n<div class=\"page\" title=\"Page 6\">\n<div class=\"section\">\n<div class=\"layoutArea\">\n<div class=\"column\">\n<h1><span style=\"color: #003366;\">CONSTRUISONS ENSEMBLE <\/span><\/h1>\n<h1><span style=\"color: #003366;\">POUR <\/span><span style=\"color: #003366;\"><strong>UN AVENIR DURABLE<\/strong><\/span><\/h1>\n<\/div>\n<\/div>\n<\/div>\n<\/div>\n<p>[\/et_pb_text][\/et_pb_column][\/et_pb_row][\/et_pb_section][et_pb_section fb_built=\u00a0\u00bb1&Prime; _builder_version=\u00a0\u00bb4.16&Prime; _module_preset=\u00a0\u00bbdefault\u00a0\u00bb custom_padding=\u00a0\u00bb3px||45px|||\u00a0\u00bb global_colors_info=\u00a0\u00bb{}\u00a0\u00bb][et_pb_row _builder_version=\u00a0\u00bb4.16&Prime; _module_preset=\u00a0\u00bbdefault\u00a0\u00bb custom_padding=\u00a0\u00bb||4px|||\u00a0\u00bb global_colors_info=\u00a0\u00bb{}\u00a0\u00bb][et_pb_column type=\u00a0\u00bb4_4&Prime; _builder_version=\u00a0\u00bb4.16&Prime; _module_preset=\u00a0\u00bbdefault\u00a0\u00bb global_colors_info=\u00a0\u00bb{}\u00a0\u00bb][et_pb_text _builder_version=\u00a0\u00bb4.16&Prime; _module_preset=\u00a0\u00bbdefault\u00a0\u00bb global_colors_info=\u00a0\u00bb{}\u00a0\u00bb]<\/p>\n<div class=\"page\" title=\"Page 6\">\n<div class=\"section\">\n<div class=\"layoutArea\">\n<div class=\"column\">\n<h1><span style=\"color: #ffb600;\">NOS <strong>COLLABORATEURS CL\u00c9S<\/strong><\/span><\/h1>\n<\/div>\n<\/div>\n<\/div>\n<\/div>\n<p>[\/et_pb_text][\/et_pb_column][\/et_pb_row][et_pb_row _builder_version=\u00a0\u00bb4.16&Prime; _module_preset=\u00a0\u00bbdefault\u00a0\u00bb custom_margin=\u00a0\u00bb2px|auto||auto||\u00a0\u00bb global_colors_info=\u00a0\u00bb{}\u00a0\u00bb][et_pb_column type=\u00a0\u00bb4_4&Prime; _builder_version=\u00a0\u00bb4.16&Prime; _module_preset=\u00a0\u00bbdefault\u00a0\u00bb global_colors_info=\u00a0\u00bb{}\u00a0\u00bb][et_pb_text _builder_version=\u00a0\u00bb4.16&Prime; _module_preset=\u00a0\u00bbdefault\u00a0\u00bb global_colors_info=\u00a0\u00bb{}\u00a0\u00bb]<\/p>\n<div class=\"page\" title=\"Page 6\">\n<div class=\"section\">\n<div class=\"layoutArea\">\n<div class=\"column\">\n<p>L&rsquo;\u00e9quipe de direction est la force motrice de CEMENTIS. Ils travaillent en \u00e9troite collaboration pour s&rsquo;assurer que les valeurs et la qualit\u00e9 de CEMENTIS soient bien pr\u00e9sentes dans toute l&rsquo;organisation, en veillant \u00e0 la bonne impl\u00e9mentation de nos codes et nos valeurs. Ils op\u00e8rent au c\u0153ur de CEMENTIS et inspirent de par leur exp\u00e9rience, leur expertise et leur esprit novateur.<\/p>\n<\/div>\n<\/div>\n<\/div>\n<\/div>\n<p>[\/et_pb_text][\/et_pb_column][\/et_pb_row][\/et_pb_section][et_pb_section fb_built=\u00a0\u00bb1&Prime; _builder_version=\u00a0\u00bb4.16&Prime; _module_preset=\u00a0\u00bbdefault\u00a0\u00bb background_image=\u00a0\u00bbhttps:\/\/cementis.io\/wp-content\/uploads\/2021\/10\/CEMENTIS-WEBSITE-OUR-PEOPLE-YELLOW-BACK-1-1920X2162.jpg\u00a0\u00bb global_colors_info=\u00a0\u00bb{}\u00a0\u00bb][et_pb_row column_structure=\u00a0\u00bb1_3,1_3,1_3&Prime; _builder_version=\u00a0\u00bb4.21.0&Prime; _module_preset=\u00a0\u00bbdefault\u00a0\u00bb global_colors_info=\u00a0\u00bb{}\u00a0\u00bb][et_pb_column type=\u00a0\u00bb1_3&Prime; _builder_version=\u00a0\u00bb4.16&Prime; _module_preset=\u00a0\u00bbdefault\u00a0\u00bb global_colors_info=\u00a0\u00bb{}\u00a0\u00bb][et_pb_blurb title=\u00a0\u00bbTHIERRY DESPEROIS\u00a0\u00bb image=\u00a0\u00bbhttps:\/\/cementis.io\/re\/wp-content\/uploads\/sites\/8\/2021\/10\/Artboard-23-copy-19.png\u00a0\u00bb image_icon_width=\u00a0\u00bb64%\u00a0\u00bb _builder_version=\u00a0\u00bb4.21.0&Prime; _module_preset=\u00a0\u00bbdefault\u00a0\u00bb header_text_align=\u00a0\u00bbcenter\u00a0\u00bb header_text_color=\u00a0\u00bb#3D4C5C\u00a0\u00bb background_layout=\u00a0\u00bbdark\u00a0\u00bb image_max_width=\u00a0\u00bb64%\u00a0\u00bb global_colors_info=\u00a0\u00bb{}\u00a0\u00bb]<\/p>\n<div title=\"Page 6\">\n<div>\n<div>\n<div>\n<p style=\"text-align: center;\"><span style=\"color: #435364;\">DIRECTEUR G\u00c9N\u00c9RAL<\/span><\/p>\n<\/div>\n<\/div>\n<\/div>\n<\/div>\n<p>[\/et_pb_blurb][\/et_pb_column][et_pb_column type=\u00a0\u00bb1_3&Prime; admin_label=\u00a0\u00bbColonne\u00a0\u00bb _builder_version=\u00a0\u00bb4.16&Prime; _module_preset=\u00a0\u00bbdefault\u00a0\u00bb global_colors_info=\u00a0\u00bb{}\u00a0\u00bb][et_pb_blurb title=\u00a0\u00bbJUDEX VIRASSAMY\u00a0\u00bb image=\u00a0\u00bbhttps:\/\/cementis.io\/re\/wp-content\/uploads\/sites\/8\/2025\/11\/ppl-cementis-website-7-1.png\u00a0\u00bb alt=\u00a0\u00bbCEMENTIS REUNION\u00a0\u00bb image_icon_width=\u00a0\u00bb90%\u00a0\u00bb _builder_version=\u00a0\u00bb4.21.0&Prime; _module_preset=\u00a0\u00bbdefault\u00a0\u00bb header_text_align=\u00a0\u00bbcenter\u00a0\u00bb header_text_color=\u00a0\u00bb#3D4C5C\u00a0\u00bb background_layout=\u00a0\u00bbdark\u00a0\u00bb hover_enabled=\u00a0\u00bb0&Prime; image_max_width=\u00a0\u00bb64%\u00a0\u00bb global_colors_info=\u00a0\u00bb{}\u00a0\u00bb sticky_enabled=\u00a0\u00bb0&Prime;]<\/p>\n<div title=\"Page 6\">\n<div>\n<div>\n<div>\n<p style=\"text-align: center;\"><span style=\"color: #435364;\">DIRECTEUR DES ACTIVIT\u00c9S B\u00c9TON PR\u00caT \u00c0 L&rsquo;EMPLOI ET PR\u00c9FABRICATION<\/span><\/p>\n<\/div>\n<\/div>\n<\/div>\n<\/div>\n<p>[\/et_pb_blurb][\/et_pb_column][et_pb_column type=\u00a0\u00bb1_3&Prime; _builder_version=\u00a0\u00bb4.16&Prime; _module_preset=\u00a0\u00bbdefault\u00a0\u00bb global_colors_info=\u00a0\u00bb{}\u00a0\u00bb][et_pb_blurb title=\u00a0\u00bbDAMIEN SENENTE\u00a0\u00bb image=\u00a0\u00bbhttps:\/\/cementis.io\/re\/wp-content\/uploads\/sites\/8\/2025\/10\/Damien-Senente_Cementis_Reunion.png\u00a0\u00bb image_icon_width=\u00a0\u00bb90%\u00a0\u00bb disabled_on=\u00a0\u00bboff|off|off\u00a0\u00bb _builder_version=\u00a0\u00bb4.21.0&Prime; _module_preset=\u00a0\u00bbdefault\u00a0\u00bb header_text_align=\u00a0\u00bbcenter\u00a0\u00bb header_text_color=\u00a0\u00bb#3D4C5C\u00a0\u00bb background_layout=\u00a0\u00bbdark\u00a0\u00bb image_max_width=\u00a0\u00bb64%\u00a0\u00bb global_colors_info=\u00a0\u00bb{}\u00a0\u00bb]<\/p>\n<div title=\"Page 6\">\n<div>\n<div>\n<div>\n<p style=\"text-align: center;\"><span style=\"color: #435364;\">DIRECTEUR DES ACTIVIT\u00c9S CIMENT ET CARRI\u00c8RES<\/span><\/p>\n<\/div>\n<\/div>\n<\/div>\n<\/div>\n<p>[\/et_pb_blurb][\/et_pb_column][\/et_pb_row][et_pb_row column_structure=\u00a0\u00bb1_3,1_3,1_3&Prime; _builder_version=\u00a0\u00bb4.21.0&Prime; _module_preset=\u00a0\u00bbdefault\u00a0\u00bb locked=\u00a0\u00bboff\u00a0\u00bb global_colors_info=\u00a0\u00bb{}\u00a0\u00bb][et_pb_column type=\u00a0\u00bb1_3&Prime; _builder_version=\u00a0\u00bb4.16&Prime; _module_preset=\u00a0\u00bbdefault\u00a0\u00bb global_colors_info=\u00a0\u00bb{}\u00a0\u00bb][et_pb_blurb title=\u00a0\u00bbOLIVIER GINESY\u00a0\u00bb image=\u00a0\u00bbhttps:\/\/cementis.io\/re\/wp-content\/uploads\/sites\/8\/2025\/10\/Olivier-Ginesy_Cementis-Reunion.png\u00a0\u00bb image_icon_width=\u00a0\u00bb90%\u00a0\u00bb disabled_on=\u00a0\u00bboff|off|off\u00a0\u00bb _builder_version=\u00a0\u00bb4.21.0&Prime; _module_preset=\u00a0\u00bbdefault\u00a0\u00bb header_text_align=\u00a0\u00bbcenter\u00a0\u00bb header_text_color=\u00a0\u00bb#3D4C5C\u00a0\u00bb background_layout=\u00a0\u00bbdark\u00a0\u00bb image_max_width=\u00a0\u00bb64%\u00a0\u00bb global_colors_info=\u00a0\u00bb{}\u00a0\u00bb]<\/p>\n<div title=\"Page 6\">\n<div>\n<div>\n<div>\n<p style=\"text-align: center;\"><span style=\"color: #435364;\">DIRECTEUR FINANCIER<\/span><\/p>\n<\/div>\n<\/div>\n<\/div>\n<\/div>\n<p>[\/et_pb_blurb][\/et_pb_column][et_pb_column type=\u00a0\u00bb1_3&Prime; admin_label=\u00a0\u00bbColonne\u00a0\u00bb _builder_version=\u00a0\u00bb4.16&Prime; _module_preset=\u00a0\u00bbdefault\u00a0\u00bb global_colors_info=\u00a0\u00bb{}\u00a0\u00bb][et_pb_blurb title=\u00a0\u00bbCANDY MARDAYE\u00a0\u00bb image=\u00a0\u00bbhttps:\/\/cementis.io\/re\/wp-content\/uploads\/sites\/8\/2025\/10\/Candy-Mardaye_Cementis_Reunion.png\u00a0\u00bb alt=\u00a0\u00bbCEMENTIS REUNION\u00a0\u00bb image_icon_width=\u00a0\u00bb90%\u00a0\u00bb disabled_on=\u00a0\u00bboff|off|off\u00a0\u00bb _builder_version=\u00a0\u00bb4.21.0&Prime; _module_preset=\u00a0\u00bbdefault\u00a0\u00bb header_text_align=\u00a0\u00bbcenter\u00a0\u00bb header_text_color=\u00a0\u00bb#3D4C5C\u00a0\u00bb background_layout=\u00a0\u00bbdark\u00a0\u00bb image_max_width=\u00a0\u00bb64%\u00a0\u00bb global_colors_info=\u00a0\u00bb{}\u00a0\u00bb]<\/p>\n<div title=\"Page 6\">\n<div>\n<div>\n<div>\n<p style=\"text-align: center;\"><span style=\"color: #435364;\">DIRECTRICE DES RESSOURCES HUMAINES<\/span><\/p>\n<\/div>\n<\/div>\n<\/div>\n<\/div>\n<p>[\/et_pb_blurb][\/et_pb_column][et_pb_column type=\u00a0\u00bb1_3&Prime; _builder_version=\u00a0\u00bb4.16&Prime; _module_preset=\u00a0\u00bbdefault\u00a0\u00bb global_colors_info=\u00a0\u00bb{}\u00a0\u00bb][\/et_pb_column][\/et_pb_row][\/et_pb_section][et_pb_section fb_built=\u00a0\u00bb1&Prime; _builder_version=\u00a0\u00bb4.16&Prime; _module_preset=\u00a0\u00bbdefault\u00a0\u00bb background_image=\u00a0\u00bbhttps:\/\/cementis.io\/wp-content\/uploads\/2021\/10\/CEMENTIS-WEBSITE-OUR-PEOPLE-GREY-TESTIMONIAL-BACK-1-1920X720.jpg\u00a0\u00bb global_colors_info=\u00a0\u00bb{}\u00a0\u00bb][et_pb_row _builder_version=\u00a0\u00bb4.16&Prime; _module_preset=\u00a0\u00bbdefault\u00a0\u00bb global_colors_info=\u00a0\u00bb{}\u00a0\u00bb][et_pb_column type=\u00a0\u00bb4_4&Prime; _builder_version=\u00a0\u00bb4.16&Prime; _module_preset=\u00a0\u00bbdefault\u00a0\u00bb global_colors_info=\u00a0\u00bb{}\u00a0\u00bb][et_pb_text _builder_version=\u00a0\u00bb4.16&Prime; _module_preset=\u00a0\u00bbdefault\u00a0\u00bb background_layout=\u00a0\u00bbdark\u00a0\u00bb global_colors_info=\u00a0\u00bb{}\u00a0\u00bb]<\/p>\n<div class=\"page\" title=\"Page 6\">\n<div class=\"section\">\n<div class=\"layoutArea\">\n<div class=\"column\">\n<h1><span>FA\u00c7ONNER<strong><\/strong><span style=\"color: #ffb600;\"><strong> NOTRE EFFECTIF <\/strong><\/span><\/span><span><\/span><\/h1>\n<\/div>\n<\/div>\n<\/div>\n<\/div>\n<p>[\/et_pb_text][\/et_pb_column][\/et_pb_row][et_pb_row column_structure=\u00a0\u00bb3_4,1_4&Prime; _builder_version=\u00a0\u00bb4.16&Prime; _module_preset=\u00a0\u00bbdefault\u00a0\u00bb global_colors_info=\u00a0\u00bb{}\u00a0\u00bb][et_pb_column type=\u00a0\u00bb3_4&Prime; _builder_version=\u00a0\u00bb4.16&Prime; _module_preset=\u00a0\u00bbdefault\u00a0\u00bb global_colors_info=\u00a0\u00bb{}\u00a0\u00bb][et_pb_text _builder_version=\u00a0\u00bb4.16&Prime; _module_preset=\u00a0\u00bbdefault\u00a0\u00bb background_layout=\u00a0\u00bbdark\u00a0\u00bb custom_margin=\u00a0\u00bb56px|||||\u00a0\u00bb global_colors_info=\u00a0\u00bb{}\u00a0\u00bb]<\/p>\n<div class=\"page\" title=\"Page 6\">\n<div class=\"section\">\n<div class=\"layoutArea\">\n<div class=\"column\">\n<p>CEMENTIS est un employeur offrant l&rsquo;\u00e9galit\u00e9 des chances \u00e0 travers un effectif dynamique, agile et mixte, qui met en avant l&rsquo;excellence et la passion pour donner le meilleur d&rsquo;eux-m\u00eames au quotidien. Nous contribuons collectivement \u00e0 la r\u00e9alisation de nos objectifs dans un esprit d&rsquo;am\u00e9lioration continue et de coop\u00e9ration, et sommes guid\u00e9s chaque jour par nos valeurs d\u2019<em>Int\u00e9grit\u00e9 Intentionnelle<\/em>.<\/p>\n<p>Nous offrons un environnement s\u00fbr qui permet \u00e0 tous nos employ\u00e9s d&rsquo;exceller et de r\u00e9aliser leurs propres ambitions professionnelles au quotidien.<\/p>\n<\/div>\n<\/div>\n<\/div>\n<\/div>\n<p>[\/et_pb_text][\/et_pb_column][et_pb_column type=\u00a0\u00bb1_4&Prime; _builder_version=\u00a0\u00bb4.16&Prime; _module_preset=\u00a0\u00bbdefault\u00a0\u00bb global_colors_info=\u00a0\u00bb{}\u00a0\u00bb][et_pb_image src=\u00a0\u00bbhttps:\/\/cementis.io\/re\/wp-content\/uploads\/sites\/8\/2021\/10\/CEMENTIS-WEBSITE-OUR-PEOPLE-C-500X535-1.1.png\u00a0\u00bb title_text=\u00a0\u00bbCEMENTIS-WEBSITE-OUR-PEOPLE-C-500X535-1.1&Prime; _builder_version=\u00a0\u00bb4.16&Prime; _module_preset=\u00a0\u00bbdefault\u00a0\u00bb custom_padding=\u00a0\u00bb0px|||||\u00a0\u00bb global_colors_info=\u00a0\u00bb{}\u00a0\u00bb][\/et_pb_image][\/et_pb_column][\/et_pb_row][\/et_pb_section][et_pb_section fb_built=\u00a0\u00bb1&Prime; disabled_on=\u00a0\u00bbon|on|on\u00a0\u00bb _builder_version=\u00a0\u00bb4.16&Prime; _module_preset=\u00a0\u00bbdefault\u00a0\u00bb disabled=\u00a0\u00bbon\u00a0\u00bb global_colors_info=\u00a0\u00bb{}\u00a0\u00bb][et_pb_row _builder_version=\u00a0\u00bb4.16&Prime; _module_preset=\u00a0\u00bbdefault\u00a0\u00bb global_colors_info=\u00a0\u00bb{}\u00a0\u00bb][et_pb_column type=\u00a0\u00bb4_4&Prime; _builder_version=\u00a0\u00bb4.16&Prime; _module_preset=\u00a0\u00bbdefault\u00a0\u00bb global_colors_info=\u00a0\u00bb{}\u00a0\u00bb][dnxte_coverflowslider_parent dnxte_coverflow_arrows=\u00a0\u00bbon\u00a0\u00bb dnxte_coverflow_pagination_type=\u00a0\u00bbnone\u00a0\u00bb dnxte_coverflow_breakpoint_desktop=\u00a0\u00bb1&Prime; dnxte_coverflow_arrow_color=\u00a0\u00bbgcid-5e2d3d4b-dee4-441d-abaa-32ff8dae7519&Prime; dnxte_coverflow_arrow_background_color=\u00a0\u00bbrgba(61,76,92,0)\u00a0\u00bb dnxte_coverflow_arrow_size=\u00a0\u00bb40&Prime; dnxte_coverflow_arrow_position=\u00a0\u00bbouter\u00a0\u00bb _builder_version=\u00a0\u00bb4.16&Prime; _module_preset=\u00a0\u00bbdefault\u00a0\u00bb global_colors_info=\u00a0\u00bb{%22gcid-5e2d3d4b-dee4-441d-abaa-32ff8dae7519%22:%91%22dnxte_coverflow_arrow_color%22%93}\u00a0\u00bb][dnxte_coverflowslider_child coverflowslider_image=\u00a0\u00bbhttps:\/\/cementis.io\/mu\/wp-content\/uploads\/sites\/7\/2021\/10\/CEMENTIS-WEBSITE-OUR-PEOPLE-TESTIMONIAL-BANNER-2-1442X327.jpg\u00a0\u00bb _builder_version=\u00a0\u00bb4.16&Prime; _module_preset=\u00a0\u00bbdefault\u00a0\u00bb global_colors_info=\u00a0\u00bb{}\u00a0\u00bb][\/dnxte_coverflowslider_child][dnxte_coverflowslider_child coverflowslider_image=\u00a0\u00bbhttps:\/\/cementis.io\/mu\/wp-content\/uploads\/sites\/7\/2021\/10\/CEMENTIS-WEBSITE-OUR-PEOPLE-TESTIMONIAL-BANNER-2-1442X327.jpg\u00a0\u00bb _builder_version=\u00a0\u00bb4.16&Prime; _module_preset=\u00a0\u00bbdefault\u00a0\u00bb global_colors_info=\u00a0\u00bb{}\u00a0\u00bb][\/dnxte_coverflowslider_child][\/dnxte_coverflowslider_parent][\/et_pb_column][\/et_pb_row][\/et_pb_section][et_pb_section fb_built=\u00a0\u00bb1&Prime; _builder_version=\u00a0\u00bb4.16&Prime; _module_preset=\u00a0\u00bbdefault\u00a0\u00bb background_image=\u00a0\u00bbhttps:\/\/cementis.io\/re\/wp-content\/uploads\/sites\/8\/2021\/10\/CEMENTIS-CLIENT-SUCCESS-BANNER-1920&#215;720-1.jpg\u00a0\u00bb custom_padding=\u00a0\u00bb||61px|||\u00a0\u00bb border_width_top=\u00a0\u00bb8px\u00a0\u00bb border_color_top=\u00a0\u00bb#FFB600&Prime; global_colors_info=\u00a0\u00bb{}\u00a0\u00bb][et_pb_row _builder_version=\u00a0\u00bb4.16&Prime; _module_preset=\u00a0\u00bbdefault\u00a0\u00bb custom_margin=\u00a0\u00bb1px|auto||auto||\u00a0\u00bb custom_padding=\u00a0\u00bb221px|||||\u00a0\u00bb global_colors_info=\u00a0\u00bb{}\u00a0\u00bb][et_pb_column type=\u00a0\u00bb4_4&Prime; _builder_version=\u00a0\u00bb4.16&Prime; _module_preset=\u00a0\u00bbdefault\u00a0\u00bb global_colors_info=\u00a0\u00bb{}\u00a0\u00bb][\/et_pb_column][\/et_pb_row][\/et_pb_section][et_pb_section fb_built=\u00a0\u00bb1&Prime; _builder_version=\u00a0\u00bb4.16&Prime; _module_preset=\u00a0\u00bbdefault\u00a0\u00bb border_width_bottom=\u00a0\u00bb8px\u00a0\u00bb border_color_bottom=\u00a0\u00bb#f7b500&Prime; global_colors_info=\u00a0\u00bb{}\u00a0\u00bb][et_pb_row _builder_version=\u00a0\u00bb4.16&Prime; _module_preset=\u00a0\u00bbdefault\u00a0\u00bb global_colors_info=\u00a0\u00bb{}\u00a0\u00bb][et_pb_column type=\u00a0\u00bb4_4&Prime; _builder_version=\u00a0\u00bb4.16&Prime; _module_preset=\u00a0\u00bbdefault\u00a0\u00bb global_colors_info=\u00a0\u00bb{}\u00a0\u00bb][et_pb_text _builder_version=\u00a0\u00bb4.16&Prime; _module_preset=\u00a0\u00bbdefault\u00a0\u00bb text_line_height=\u00a0\u00bb2.5em\u00a0\u00bb custom_padding=\u00a0\u00bb2px|||||\u00a0\u00bb global_colors_info=\u00a0\u00bb{}\u00a0\u00bb]<\/p>\n<div class=\"page\" title=\"Page 6\">\n<div class=\"section\">\n<div class=\"layoutArea\">\n<div class=\"column\">\n<h1><strong>FA\u00c7ONNER LA R\u00c9USSITE DE NOS CLIENTS\u00a0<\/strong><\/h1>\n<\/div>\n<\/div>\n<\/div>\n<\/div>\n<p>[\/et_pb_text][\/et_pb_column][\/et_pb_row][et_pb_row _builder_version=\u00a0\u00bb4.16&Prime; _module_preset=\u00a0\u00bbdefault\u00a0\u00bb custom_margin=\u00a0\u00bb-31px|auto||auto||\u00a0\u00bb custom_padding=\u00a0\u00bb5px|||||\u00a0\u00bb global_colors_info=\u00a0\u00bb{}\u00a0\u00bb][et_pb_column type=\u00a0\u00bb4_4&Prime; _builder_version=\u00a0\u00bb4.16&Prime; _module_preset=\u00a0\u00bbdefault\u00a0\u00bb global_colors_info=\u00a0\u00bb{}\u00a0\u00bb][et_pb_text _builder_version=\u00a0\u00bb4.16&Prime; _module_preset=\u00a0\u00bbdefault\u00a0\u00bb text_line_height=\u00a0\u00bb2em\u00a0\u00bb global_colors_info=\u00a0\u00bb{}\u00a0\u00bb]<\/p>\n<p>Chez CEMENTIS, notre objectif est de favoriser la r\u00e9ussite de nos clients. Nous recherchons activement des clients pour des partenariats \u00e0 long terme, afin qu\u2019ensemble nous soyons plus forts, tout au long de ce voyage. Nous sommes un partenaire de choix, agissant en permanence pour aider \u00e0 la r\u00e9alisation des projets, en identifiant les gains d&rsquo;efficacit\u00e9 et en partageant la responsabilit\u00e9 des risques op\u00e9rationnels. Gr\u00e2ce \u00e0 une culture de service exceptionnel, nous incarnons un partenariat commercial durable en fournissant des produits de qualit\u00e9 ainsi qu&rsquo;une expertise et des services d\u2019excellence sur mesure.<\/p>\n<p>[\/et_pb_text][\/et_pb_column][\/et_pb_row][\/et_pb_section][et_pb_section fb_built=\u00a0\u00bb1&Prime; _builder_version=\u00a0\u00bb4.16&Prime; _module_preset=\u00a0\u00bbdefault\u00a0\u00bb global_colors_info=\u00a0\u00bb{}\u00a0\u00bb][et_pb_row _builder_version=\u00a0\u00bb4.16&Prime; _module_preset=\u00a0\u00bbdefault\u00a0\u00bb global_colors_info=\u00a0\u00bb{}\u00a0\u00bb][et_pb_column type=\u00a0\u00bb4_4&Prime; _builder_version=\u00a0\u00bb4.16&Prime; _module_preset=\u00a0\u00bbdefault\u00a0\u00bb global_colors_info=\u00a0\u00bb{}\u00a0\u00bb][et_pb_text _builder_version=\u00a0\u00bb4.16&Prime; _module_preset=\u00a0\u00bbdefault\u00a0\u00bb global_colors_info=\u00a0\u00bb{}\u00a0\u00bb]<\/p>\n<div class=\"page\" title=\"Page 6\">\n<div class=\"section\">\n<div class=\"layoutArea\">\n<div class=\"column\">\n<h1><span style=\"color: #ffb600;\">NOTRE<\/span> <strong>R\u00c9SEAU DE CLIENTS<\/strong><\/h1>\n<\/div>\n<\/div>\n<\/div>\n<\/div>\n<p>[\/et_pb_text][\/et_pb_column][\/et_pb_row][et_pb_row column_structure=\u00a0\u00bb1_3,1_3,1_3&Prime; _builder_version=\u00a0\u00bb4.16&Prime; _module_preset=\u00a0\u00bbdefault\u00a0\u00bb global_colors_info=\u00a0\u00bb{}\u00a0\u00bb][et_pb_column type=\u00a0\u00bb1_3&Prime; _builder_version=\u00a0\u00bb4.16&Prime; _module_preset=\u00a0\u00bbdefault\u00a0\u00bb global_colors_info=\u00a0\u00bb{}\u00a0\u00bb][et_pb_number_counter title=\u00a0\u00bbREVENDEURS CIMENT\u00a0\u00bb number=\u00a0\u00bb50&Prime; percent_sign=\u00a0\u00bboff\u00a0\u00bb _builder_version=\u00a0\u00bb4.16&Prime; _module_preset=\u00a0\u00bbdefault\u00a0\u00bb title_text_color=\u00a0\u00bbgcid-16aeab8c-4ea6-4213-9cf1-9a4e1ce14bf5&Prime; title_font_size=\u00a0\u00bb15px\u00a0\u00bb title_line_height=\u00a0\u00bb0em\u00a0\u00bb number_font=\u00a0\u00bb|600|||||||\u00a0\u00bb number_text_color=\u00a0\u00bbgcid-16aeab8c-4ea6-4213-9cf1-9a4e1ce14bf5&Prime; number_font_size=\u00a0\u00bb55px\u00a0\u00bb number_line_height=\u00a0\u00bb100px\u00a0\u00bb background_image=\u00a0\u00bbhttps:\/\/cementis.io\/wp-content\/uploads\/2021\/10\/CEMENTIS-WEBSITE-HOME-PAGE-CAROUSEL-C-500X535.png\u00a0\u00bb background_size=\u00a0\u00bbcontain\u00a0\u00bb custom_padding=\u00a0\u00bb8rem||8rem||true|false\u00a0\u00bb saved_tabs=\u00a0\u00bball\u00a0\u00bb global_colors_info=\u00a0\u00bb{%22gcid-5e2d3d4b-dee4-441d-abaa-32ff8dae7519%22:%91%93,%22gcid-16aeab8c-4ea6-4213-9cf1-9a4e1ce14bf5%22:%91%22number_text_color%22,%22title_text_color%22%93}\u00a0\u00bb][\/et_pb_number_counter][\/et_pb_column][et_pb_column type=\u00a0\u00bb1_3&Prime; _builder_version=\u00a0\u00bb4.16&Prime; _module_preset=\u00a0\u00bbdefault\u00a0\u00bb global_colors_info=\u00a0\u00bb{}\u00a0\u00bb][et_pb_number_counter title=\u00a0\u00bbCLIENTS\u00a0\u00bb number=\u00a0\u00bb300&Prime; percent_sign=\u00a0\u00bboff\u00a0\u00bb _builder_version=\u00a0\u00bb4.16&Prime; _module_preset=\u00a0\u00bbdefault\u00a0\u00bb title_text_color=\u00a0\u00bbgcid-16aeab8c-4ea6-4213-9cf1-9a4e1ce14bf5&Prime; title_font_size=\u00a0\u00bb15px\u00a0\u00bb title_line_height=\u00a0\u00bb0em\u00a0\u00bb number_font=\u00a0\u00bb|600|||||||\u00a0\u00bb number_text_color=\u00a0\u00bbgcid-16aeab8c-4ea6-4213-9cf1-9a4e1ce14bf5&Prime; number_font_size=\u00a0\u00bb55px\u00a0\u00bb number_line_height=\u00a0\u00bb100px\u00a0\u00bb background_image=\u00a0\u00bbhttps:\/\/cementis.io\/wp-content\/uploads\/2021\/10\/CEMENTIS-WEBSITE-HOME-PAGE-CAROUSEL-C-500X535.png\u00a0\u00bb background_size=\u00a0\u00bbcontain\u00a0\u00bb custom_padding=\u00a0\u00bb8rem||8rem||true|false\u00a0\u00bb saved_tabs=\u00a0\u00bball\u00a0\u00bb global_colors_info=\u00a0\u00bb{%22gcid-5e2d3d4b-dee4-441d-abaa-32ff8dae7519%22:%91%93,%22gcid-16aeab8c-4ea6-4213-9cf1-9a4e1ce14bf5%22:%91%22number_text_color%22,%22title_text_color%22%93}\u00a0\u00bb][\/et_pb_number_counter][\/et_pb_column][et_pb_column type=\u00a0\u00bb1_3&Prime; _builder_version=\u00a0\u00bb4.16&Prime; _module_preset=\u00a0\u00bbdefault\u00a0\u00bb global_colors_info=\u00a0\u00bb{}\u00a0\u00bb][et_pb_number_counter title=\u00a0\u00bbPOINTS DE VENTE PARTENAIRE\u00a0\u00bb number=\u00a0\u00bb50&Prime; percent_sign=\u00a0\u00bboff\u00a0\u00bb _builder_version=\u00a0\u00bb4.16&Prime; _module_preset=\u00a0\u00bbdefault\u00a0\u00bb title_text_color=\u00a0\u00bbgcid-16aeab8c-4ea6-4213-9cf1-9a4e1ce14bf5&Prime; title_font_size=\u00a0\u00bb15px\u00a0\u00bb title_line_height=\u00a0\u00bb0em\u00a0\u00bb number_font=\u00a0\u00bb|600|||||||\u00a0\u00bb number_text_color=\u00a0\u00bbgcid-16aeab8c-4ea6-4213-9cf1-9a4e1ce14bf5&Prime; number_font_size=\u00a0\u00bb55px\u00a0\u00bb number_line_height=\u00a0\u00bb100px\u00a0\u00bb background_image=\u00a0\u00bbhttps:\/\/cementis.io\/wp-content\/uploads\/2021\/10\/CEMENTIS-WEBSITE-HOME-PAGE-CAROUSEL-C-500X535.png\u00a0\u00bb background_size=\u00a0\u00bbcontain\u00a0\u00bb custom_padding=\u00a0\u00bb8rem||8rem||true|false\u00a0\u00bb saved_tabs=\u00a0\u00bball\u00a0\u00bb global_colors_info=\u00a0\u00bb{%22gcid-5e2d3d4b-dee4-441d-abaa-32ff8dae7519%22:%91%93,%22gcid-16aeab8c-4ea6-4213-9cf1-9a4e1ce14bf5%22:%91%22number_text_color%22,%22title_text_color%22%93}\u00a0\u00bb][\/et_pb_number_counter][\/et_pb_column][\/et_pb_row][\/et_pb_section]<\/p>\n","protected":false},"excerpt":{"rendered":"<p>CONSTRUISONS ENSEMBLE POUR UN AVENIR DURABLE NOS COLLABORATEURS CL\u00c9S L&rsquo;\u00e9quipe de direction est la force motrice de CEMENTIS. Ils travaillent en \u00e9troite collaboration pour s&rsquo;assurer que les valeurs et la qualit\u00e9 de CEMENTIS soient bien pr\u00e9sentes dans toute l&rsquo;organisation, en veillant \u00e0 la bonne impl\u00e9mentation de nos codes et nos valeurs. Ils op\u00e8rent au c\u0153ur [&hellip;]<\/p>\n","protected":false},"author":1,"featured_media":0,"parent":0,"menu_order":0,"comment_status":"closed","ping_status":"closed","template":"","meta":{"_et_pb_use_builder":"on","_et_pb_old_content":"","_et_gb_content_width":"","footnotes":""},"class_list":["post-7","page","type-page","status-publish","hentry"],"_links":{"self":[{"href":"https:\/\/cementis.io\/re\/wp-json\/wp\/v2\/pages\/7","targetHints":{"allow":["GET"]}}],"collection":[{"href":"https:\/\/cementis.io\/re\/wp-json\/wp\/v2\/pages"}],"about":[{"href":"https:\/\/cementis.io\/re\/wp-json\/wp\/v2\/types\/page"}],"author":[{"embeddable":true,"href":"https:\/\/cementis.io\/re\/wp-json\/wp\/v2\/users\/1"}],"replies":[{"embeddable":true,"href":"https:\/\/cementis.io\/re\/wp-json\/wp\/v2\/comments?post=7"}],"version-history":[{"count":9,"href":"https:\/\/cementis.io\/re\/wp-json\/wp\/v2\/pages\/7\/revisions"}],"predecessor-version":[{"id":537,"href":"https:\/\/cementis.io\/re\/wp-json\/wp\/v2\/pages\/7\/revisions\/537"}],"wp:attachment":[{"href":"https:\/\/cementis.io\/re\/wp-json\/wp\/v2\/media?parent=7"}],"curies":[{"name":"wp","href":"https:\/\/api.w.org\/{rel}","templated":true}]}}