{"id":12,"date":"2021-10-14T12:50:50","date_gmt":"2021-10-14T12:50:50","guid":{"rendered":"https:\/\/cementis.io\/re\/home\/"},"modified":"2026-03-12T18:31:56","modified_gmt":"2026-03-12T18:31:56","slug":"home","status":"publish","type":"page","link":"https:\/\/cementis.io\/re\/","title":{"rendered":"Accueil"},"content":{"rendered":"<p>[et_pb_section fb_built=\u00a0\u00bb1&Prime; fullwidth=\u00a0\u00bbon\u00a0\u00bb _builder_version=\u00a0\u00bb4.16&Prime; _module_preset=\u00a0\u00bbdefault\u00a0\u00bb global_colors_info=\u00a0\u00bb{}\u00a0\u00bb][et_pb_fullwidth_slider _builder_version=\u00a0\u00bb4.16&Prime; _module_preset=\u00a0\u00bbdefault\u00a0\u00bb header_text_align=\u00a0\u00bbleft\u00a0\u00bb button_alignment=\u00a0\u00bbleft\u00a0\u00bb text_orientation=\u00a0\u00bbleft\u00a0\u00bb module_alignment=\u00a0\u00bbleft\u00a0\u00bb custom_padding=\u00a0\u00bb17rem|0px|17rem|0px|true|false\u00a0\u00bb global_colors_info=\u00a0\u00bb{}\u00a0\u00bb][et_pb_slide heading=\u00a0\u00bbLEADER DANS LA PRODUCTION ET LA DISTRIBUTION DE CIMENT DANS L&rsquo;OC\u00c9AN INDIEN \u00a0\u00bb button_text=\u00a0\u00bb VOIR PLUS\u00a0\u00bb button_link=\u00a0\u00bbhttps:\/\/cementis.io\/re\/notre-entreprise\/\u00a0\u00bb use_bg_overlay=\u00a0\u00bbon\u00a0\u00bb _builder_version=\u00a0\u00bb4.16&Prime; _module_preset=\u00a0\u00bbdefault\u00a0\u00bb header_level=\u00a0\u00bbh2&Prime; header_text_align=\u00a0\u00bbleft\u00a0\u00bb header_font_size=\u00a0\u00bb35px\u00a0\u00bb body_text_align=\u00a0\u00bbleft\u00a0\u00bb background_enable_color=\u00a0\u00bboff\u00a0\u00bb background_image=\u00a0\u00bbhttps:\/\/cementis.io\/mu\/wp-content\/uploads\/sites\/7\/2021\/10\/CEMENTIS-WEBSITE-HOME-PAGE-BANNER-1-1920X1080.jpg\u00a0\u00bb background_enable_image=\u00a0\u00bbon\u00a0\u00bb custom_button=\u00a0\u00bbon\u00a0\u00bb button_text_color=\u00a0\u00bb#FFFFFF\u00a0\u00bb button_bg_color=\u00a0\u00bbgcid-5e2d3d4b-dee4-441d-abaa-32ff8dae7519&Prime; button_border_radius=\u00a0\u00bb32px\u00a0\u00bb button_alignment=\u00a0\u00bbleft\u00a0\u00bb text_orientation=\u00a0\u00bbleft\u00a0\u00bb custom_padding=\u00a0\u00bb|55%||3rem|false|false\u00a0\u00bb custom_padding_tablet=\u00a0\u00bb|10%|||false|false\u00a0\u00bb custom_padding_phone=\u00a0\u00bb|10%|||false|false\u00a0\u00bb custom_padding_last_edited=\u00a0\u00bbon|tablet\u00a0\u00bb header_font_size_tablet=\u00a0\u00bb35px\u00a0\u00bb header_font_size_phone=\u00a0\u00bb20px\u00a0\u00bb header_font_size_last_edited=\u00a0\u00bbon|phone\u00a0\u00bb global_colors_info=\u00a0\u00bb{%22gcid-5e2d3d4b-dee4-441d-abaa-32ff8dae7519%22:%91%22button_bg_color%22%93}\u00a0\u00bb sticky_transition=\u00a0\u00bbon\u00a0\u00bb][\/et_pb_slide][et_pb_slide heading=\u00a0\u00bbNOUS OFFRONS DES PRODUITS ET SERVICES DE QUALIT\u00c9 DANS LA R\u00c9GION\u00a0\u00bb button_text=\u00a0\u00bb VOIR PLUS\u00a0\u00bb button_link=\u00a0\u00bbhttps:\/\/cementis.io\/re\/notre-expertise\/\u00a0\u00bb use_bg_overlay=\u00a0\u00bbon\u00a0\u00bb _builder_version=\u00a0\u00bb4.16&Prime; _module_preset=\u00a0\u00bbdefault\u00a0\u00bb header_level=\u00a0\u00bbh2&Prime; header_text_align=\u00a0\u00bbleft\u00a0\u00bb header_font_size=\u00a0\u00bb35px\u00a0\u00bb body_text_align=\u00a0\u00bbleft\u00a0\u00bb background_enable_color=\u00a0\u00bboff\u00a0\u00bb background_image=\u00a0\u00bbhttps:\/\/cementis.io\/re\/wp-content\/uploads\/sites\/8\/2021\/10\/CEMENTIS-WEBSITE-OUR-EXPERTISE-BANNER-2-1920X720-1-1.jpg\u00a0\u00bb background_enable_image=\u00a0\u00bbon\u00a0\u00bb custom_button=\u00a0\u00bbon\u00a0\u00bb button_text_color=\u00a0\u00bb#FFFFFF\u00a0\u00bb button_bg_color=\u00a0\u00bbgcid-5e2d3d4b-dee4-441d-abaa-32ff8dae7519&Prime; button_border_radius=\u00a0\u00bb32px\u00a0\u00bb button_alignment=\u00a0\u00bbleft\u00a0\u00bb text_orientation=\u00a0\u00bbleft\u00a0\u00bb custom_padding=\u00a0\u00bb|55%||3rem|false|false\u00a0\u00bb custom_padding_tablet=\u00a0\u00bb|10%|||false|false\u00a0\u00bb custom_padding_phone=\u00a0\u00bb|10%|||false|false\u00a0\u00bb custom_padding_last_edited=\u00a0\u00bbon|tablet\u00a0\u00bb header_font_size_tablet=\u00a0\u00bb35px\u00a0\u00bb header_font_size_phone=\u00a0\u00bb20px\u00a0\u00bb header_font_size_last_edited=\u00a0\u00bbon|phone\u00a0\u00bb global_colors_info=\u00a0\u00bb{%22gcid-5e2d3d4b-dee4-441d-abaa-32ff8dae7519%22:%91%22button_bg_color%22,%22button_bg_color%22,%22button_bg_color%22%93}\u00a0\u00bb sticky_transition=\u00a0\u00bbon\u00a0\u00bb][\/et_pb_slide][et_pb_slide heading=\u00a0\u00bbNOUS CONSTRUISONS ENSEMBLE POUR UN AVENIR DURABLE\u00a0\u00bb button_text=\u00a0\u00bb VOIR PLUS\u00a0\u00bb button_link=\u00a0\u00bbhttps:\/\/cementis.io\/re\/prosperite-durable\/\u00a0\u00bb use_bg_overlay=\u00a0\u00bbon\u00a0\u00bb _builder_version=\u00a0\u00bb4.16&Prime; _module_preset=\u00a0\u00bbdefault\u00a0\u00bb header_level=\u00a0\u00bbh2&Prime; header_text_align=\u00a0\u00bbleft\u00a0\u00bb header_font_size=\u00a0\u00bb35px\u00a0\u00bb body_text_align=\u00a0\u00bbleft\u00a0\u00bb background_enable_color=\u00a0\u00bboff\u00a0\u00bb background_image=\u00a0\u00bbhttps:\/\/cementis.io\/re\/wp-content\/uploads\/sites\/8\/2021\/10\/CEMENTIS-WEBSITE-REUNION-HOME-PAGE-BANNER-1-1920X1080-1.jpg\u00a0\u00bb background_enable_image=\u00a0\u00bbon\u00a0\u00bb background_position=\u00a0\u00bbbottom_left\u00a0\u00bb custom_button=\u00a0\u00bbon\u00a0\u00bb button_text_color=\u00a0\u00bb#FFFFFF\u00a0\u00bb button_bg_color=\u00a0\u00bbgcid-5e2d3d4b-dee4-441d-abaa-32ff8dae7519&Prime; button_border_radius=\u00a0\u00bb32px\u00a0\u00bb button_alignment=\u00a0\u00bbleft\u00a0\u00bb text_orientation=\u00a0\u00bbleft\u00a0\u00bb custom_padding=\u00a0\u00bb|55%||3rem|false|false\u00a0\u00bb custom_padding_tablet=\u00a0\u00bb|19%|||false|false\u00a0\u00bb custom_padding_phone=\u00a0\u00bb|19%|||false|false\u00a0\u00bb custom_padding_last_edited=\u00a0\u00bbon|phone\u00a0\u00bb header_font_size_tablet=\u00a0\u00bb35px\u00a0\u00bb header_font_size_phone=\u00a0\u00bb20px\u00a0\u00bb header_font_size_last_edited=\u00a0\u00bbon|phone\u00a0\u00bb global_colors_info=\u00a0\u00bb{%22gcid-5e2d3d4b-dee4-441d-abaa-32ff8dae7519%22:%91%22button_bg_color%22,%22button_bg_color%22,%22button_bg_color%22%93}\u00a0\u00bb sticky_transition=\u00a0\u00bbon\u00a0\u00bb][\/et_pb_slide][\/et_pb_fullwidth_slider][\/et_pb_section][et_pb_section fb_built=\u00a0\u00bb1&Prime; _builder_version=\u00a0\u00bb4.16&Prime; _module_preset=\u00a0\u00bbdefault\u00a0\u00bb border_width_top=\u00a0\u00bb5px\u00a0\u00bb border_color_top=\u00a0\u00bbgcid-5e2d3d4b-dee4-441d-abaa-32ff8dae7519&Prime; global_colors_info=\u00a0\u00bb{%22gcid-5e2d3d4b-dee4-441d-abaa-32ff8dae7519%22:%91%22border_color_top%22%93}\u00a0\u00bb][et_pb_row _builder_version=\u00a0\u00bb4.16&Prime; _module_preset=\u00a0\u00bbdefault\u00a0\u00bb custom_padding=\u00a0\u00bb6px|||||\u00a0\u00bb global_colors_info=\u00a0\u00bb{}\u00a0\u00bb][et_pb_column type=\u00a0\u00bb4_4&Prime; _builder_version=\u00a0\u00bb4.16&Prime; _module_preset=\u00a0\u00bbdefault\u00a0\u00bb global_colors_info=\u00a0\u00bb{}\u00a0\u00bb][et_pb_text _builder_version=\u00a0\u00bb4.16&Prime; _module_preset=\u00a0\u00bbdefault\u00a0\u00bb header_text_color=\u00a0\u00bb#3D4C5C\u00a0\u00bb global_colors_info=\u00a0\u00bb{}\u00a0\u00bb]<\/p>\n<div class=\"page\" title=\"Page 1\">\n<div class=\"section\">\n<div class=\"layoutArea\">\n<div class=\"column\">\n<div class=\"page\" title=\"Page 1\">\n<div class=\"section\">\n<div class=\"layoutArea\">\n<div class=\"column\">\n<h1>CONSTRUISONS <span style=\"color: #ffb600;\"><strong>NOTRE AVENIR<\/strong><\/span><\/h1>\n<\/div>\n<\/div>\n<\/div>\n<\/div>\n<\/div>\n<\/div>\n<\/div>\n<\/div>\n<p>[\/et_pb_text][\/et_pb_column][\/et_pb_row][et_pb_row _builder_version=\u00a0\u00bb4.16&Prime; _module_preset=\u00a0\u00bbdefault\u00a0\u00bb custom_padding=\u00a0\u00bb0px||||false|false\u00a0\u00bb global_colors_info=\u00a0\u00bb{}\u00a0\u00bb][et_pb_column type=\u00a0\u00bb4_4&Prime; _builder_version=\u00a0\u00bb4.16&Prime; _module_preset=\u00a0\u00bbdefault\u00a0\u00bb global_colors_info=\u00a0\u00bb{}\u00a0\u00bb][et_pb_text _builder_version=\u00a0\u00bb4.16&Prime; _module_preset=\u00a0\u00bbdefault\u00a0\u00bb custom_padding=\u00a0\u00bb0px||||false|false\u00a0\u00bb global_colors_info=\u00a0\u00bb{}\u00a0\u00bb]<\/p>\n<p>CEMENTIS souhaite \u00eatre un exemple d\u2019entreprise prosp\u00e8re, construisant l\u2019avenir de fa\u00e7on \u00e9cologique et responsable, pour toute la communaut\u00e9. En tant qu\u2019entit\u00e9 r\u00e9gionale, nous nous engageons \u00e0 respecter les normes internationales de qualit\u00e9, d\u2019engagement local, d\u2019actions sociales, \u00e9conomiques et environnementales de la r\u00e9gion oc\u00e9an Indien. Notre ambition chez CEMENTIS est d\u2019\u00eatre un acteur fiable et responsable. Nos actions sont soutenues par nos valeurs fondamentales : <strong>Le Respect, La Confiance et L\u2019Innovation.<\/strong><\/p>\n<p>[\/et_pb_text][et_pb_text _builder_version=\u00a0\u00bb4.21.0&Prime; _module_preset=\u00a0\u00bbdefault\u00a0\u00bb custom_padding=\u00a0\u00bb0px||||false|false\u00a0\u00bb global_colors_info=\u00a0\u00bb{}\u00a0\u00bb]<\/p>\n<p><b><span>\u00ab <\/span><\/b>Cementis b\u00e9n\u00e9ficie du soutien de l\u2019Union europ\u00e9enne dans le cadre de l\u2019op\u00e9ration \u201cCompensation des surco\u00fbts de transport des intrants productifs 2023-2025 de la SA Ciments de Bourbon\u00a0\u00bb<\/p>\n<p>[\/et_pb_text][\/et_pb_column][\/et_pb_row][et_pb_row column_structure=\u00a0\u00bb1_2,1_2&Prime; _builder_version=\u00a0\u00bb4.21.0&Prime; _module_preset=\u00a0\u00bbdefault\u00a0\u00bb global_colors_info=\u00a0\u00bb{}\u00a0\u00bb][et_pb_column type=\u00a0\u00bb1_2&Prime; _builder_version=\u00a0\u00bb4.21.0&Prime; _module_preset=\u00a0\u00bbdefault\u00a0\u00bb global_colors_info=\u00a0\u00bb{}\u00a0\u00bb][et_pb_image src=\u00a0\u00bbhttps:\/\/cementis.io\/re\/wp-content\/uploads\/sites\/8\/2023\/10\/EU.png\u00a0\u00bb alt=\u00a0\u00bbEuropean_union\u00a0\u00bb title_text=\u00a0\u00bbEU\u00a0\u00bb _builder_version=\u00a0\u00bb4.21.0&Prime; _module_preset=\u00a0\u00bbdefault\u00a0\u00bb width=\u00a0\u00bb50%\u00a0\u00bb global_colors_info=\u00a0\u00bb{}\u00a0\u00bb][\/et_pb_image][\/et_pb_column][et_pb_column type=\u00a0\u00bb1_2&Prime; _builder_version=\u00a0\u00bb4.21.0&Prime; _module_preset=\u00a0\u00bbdefault\u00a0\u00bb global_colors_info=\u00a0\u00bb{}\u00a0\u00bb][et_pb_image src=\u00a0\u00bbhttps:\/\/cementis.io\/re\/wp-content\/uploads\/sites\/8\/2023\/10\/region_reunion.png\u00a0\u00bb alt=\u00a0\u00bbregion_reunion\u00a0\u00bb title_text=\u00a0\u00bbregion_reunion\u00a0\u00bb _builder_version=\u00a0\u00bb4.21.0&Prime; _module_preset=\u00a0\u00bbdefault\u00a0\u00bb width=\u00a0\u00bb50%\u00a0\u00bb global_colors_info=\u00a0\u00bb{}\u00a0\u00bb][\/et_pb_image][\/et_pb_column][\/et_pb_row][\/et_pb_section][et_pb_section fb_built=\u00a0\u00bb1&Prime; fullwidth=\u00a0\u00bbon\u00a0\u00bb _builder_version=\u00a0\u00bb4.16&Prime; _module_preset=\u00a0\u00bbdefault\u00a0\u00bb global_colors_info=\u00a0\u00bb{}\u00a0\u00bb][et_pb_fullwidth_image src=\u00a0\u00bbhttps:\/\/cementis.io\/re\/wp-content\/uploads\/sites\/8\/2021\/10\/CEMENTIS-WEBSITE-SUSTAINABLE-PROSPERITY-BANNER-1-1920X720.jpeg\u00a0\u00bb title_text=\u00a0\u00bbCEMENTIS-WEBSITE-SUSTAINABLE-PROSPERITY-BANNER-1-1920X720&Prime; _builder_version=\u00a0\u00bb4.16&Prime; _module_preset=\u00a0\u00bbdefault\u00a0\u00bb border_width_bottom=\u00a0\u00bb8px\u00a0\u00bb border_color_bottom=\u00a0\u00bb#f7b500&Prime; global_colors_info=\u00a0\u00bb{}\u00a0\u00bb][\/et_pb_fullwidth_image][\/et_pb_section][et_pb_section fb_built=\u00a0\u00bb1&Prime; _builder_version=\u00a0\u00bb4.16&Prime; _module_preset=\u00a0\u00bbdefault\u00a0\u00bb custom_padding=\u00a0\u00bb0px|||||\u00a0\u00bb global_colors_info=\u00a0\u00bb{}\u00a0\u00bb max_height__hover_enabled=\u00a0\u00bbon|desktop\u00a0\u00bb][et_pb_row _builder_version=\u00a0\u00bb4.16&Prime; _module_preset=\u00a0\u00bbdefault\u00a0\u00bb global_colors_info=\u00a0\u00bb{}\u00a0\u00bb][et_pb_column type=\u00a0\u00bb4_4&Prime; _builder_version=\u00a0\u00bb4.16&Prime; _module_preset=\u00a0\u00bbdefault\u00a0\u00bb global_colors_info=\u00a0\u00bb{}\u00a0\u00bb][et_pb_text _builder_version=\u00a0\u00bb4.16&Prime; _module_preset=\u00a0\u00bbdefault\u00a0\u00bb header_text_color=\u00a0\u00bbgcid-0ec4115c-34f0-46f9-a018-a7e70221f3e2&Prime; global_colors_info=\u00a0\u00bb{%22gcid-0ec4115c-34f0-46f9-a018-a7e70221f3e2%22:%91%22header_text_color%22%93}\u00a0\u00bb]<\/p>\n<h1>NOS <span style=\"color: #ffb600;\"><strong>CHIFFRES-CL\u00c9S <\/strong><\/span><\/h1>\n<h1><\/h1>\n<p>[\/et_pb_text][\/et_pb_column][\/et_pb_row][et_pb_row column_structure=\u00a0\u00bb1_3,1_3,1_3&Prime; _builder_version=\u00a0\u00bb4.16&Prime; _module_preset=\u00a0\u00bbdefault\u00a0\u00bb width=\u00a0\u00bb54%\u00a0\u00bb global_colors_info=\u00a0\u00bb{}\u00a0\u00bb][et_pb_column type=\u00a0\u00bb1_3&Prime; _builder_version=\u00a0\u00bb4.16&Prime; _module_preset=\u00a0\u00bbdefault\u00a0\u00bb global_colors_info=\u00a0\u00bb{}\u00a0\u00bb][et_pb_number_counter title=\u00a0\u00bbCOLLABORATEURS\u00a0\u00bb number=\u00a0\u00bb117&Prime; percent_sign=\u00a0\u00bboff\u00a0\u00bb _builder_version=\u00a0\u00bb4.16&Prime; _module_preset=\u00a0\u00bbdefault\u00a0\u00bb title_text_color=\u00a0\u00bbgcid-16aeab8c-4ea6-4213-9cf1-9a4e1ce14bf5&Prime; title_font_size=\u00a0\u00bb12px\u00a0\u00bb title_line_height=\u00a0\u00bb0em\u00a0\u00bb number_font=\u00a0\u00bb|600|||||||\u00a0\u00bb number_text_color=\u00a0\u00bbgcid-16aeab8c-4ea6-4213-9cf1-9a4e1ce14bf5&Prime; number_font_size=\u00a0\u00bb55px\u00a0\u00bb number_line_height=\u00a0\u00bb100px\u00a0\u00bb background_image=\u00a0\u00bbhttps:\/\/cementis.io\/wp-content\/uploads\/2021\/10\/CEMENTIS-WEBSITE-HOME-PAGE-CAROUSEL-C-500X535.png\u00a0\u00bb background_size=\u00a0\u00bbcontain\u00a0\u00bb width=\u00a0\u00bb85%\u00a0\u00bb custom_padding=\u00a0\u00bb8rem||8rem||true|false\u00a0\u00bb saved_tabs=\u00a0\u00bball\u00a0\u00bb global_colors_info=\u00a0\u00bb{%22gcid-5e2d3d4b-dee4-441d-abaa-32ff8dae7519%22:%91%93,%22gcid-16aeab8c-4ea6-4213-9cf1-9a4e1ce14bf5%22:%91%22number_text_color%22,%22title_text_color%22%93}\u00a0\u00bb][\/et_pb_number_counter][\/et_pb_column][et_pb_column type=\u00a0\u00bb1_3&Prime; _builder_version=\u00a0\u00bb4.16&Prime; _module_preset=\u00a0\u00bbdefault\u00a0\u00bb global_colors_info=\u00a0\u00bb{}\u00a0\u00bb][et_pb_number_counter title=\u00a0\u00bbCLIENTS\u00a0\u00bb number=\u00a0\u00bb300&Prime; percent_sign=\u00a0\u00bboff\u00a0\u00bb _builder_version=\u00a0\u00bb4.16&Prime; _module_preset=\u00a0\u00bbdefault\u00a0\u00bb title_text_color=\u00a0\u00bbgcid-16aeab8c-4ea6-4213-9cf1-9a4e1ce14bf5&Prime; title_font_size=\u00a0\u00bb15px\u00a0\u00bb title_line_height=\u00a0\u00bb0em\u00a0\u00bb number_font=\u00a0\u00bb|600|||||||\u00a0\u00bb number_text_color=\u00a0\u00bbgcid-16aeab8c-4ea6-4213-9cf1-9a4e1ce14bf5&Prime; number_font_size=\u00a0\u00bb55px\u00a0\u00bb number_line_height=\u00a0\u00bb100px\u00a0\u00bb background_image=\u00a0\u00bbhttps:\/\/cementis.io\/wp-content\/uploads\/2021\/10\/CEMENTIS-WEBSITE-HOME-PAGE-CAROUSEL-C-500X535.png\u00a0\u00bb background_size=\u00a0\u00bbcontain\u00a0\u00bb width=\u00a0\u00bb90%\u00a0\u00bb custom_padding=\u00a0\u00bb8rem||8rem||true|false\u00a0\u00bb saved_tabs=\u00a0\u00bball\u00a0\u00bb global_colors_info=\u00a0\u00bb{%22gcid-5e2d3d4b-dee4-441d-abaa-32ff8dae7519%22:%91%93,%22gcid-16aeab8c-4ea6-4213-9cf1-9a4e1ce14bf5%22:%91%22number_text_color%22,%22title_text_color%22%93}\u00a0\u00bb][\/et_pb_number_counter][\/et_pb_column][et_pb_column type=\u00a0\u00bb1_3&Prime; _builder_version=\u00a0\u00bb4.16&Prime; _module_preset=\u00a0\u00bbdefault\u00a0\u00bb global_colors_info=\u00a0\u00bb{}\u00a0\u00bb][et_pb_number_counter title=\u00a0\u00bbPOINTS DE VENTE\u00a0\u00bb number=\u00a0\u00bb50&Prime; percent_sign=\u00a0\u00bboff\u00a0\u00bb _builder_version=\u00a0\u00bb4.16&Prime; _module_preset=\u00a0\u00bbdefault\u00a0\u00bb title_text_color=\u00a0\u00bbgcid-16aeab8c-4ea6-4213-9cf1-9a4e1ce14bf5&Prime; title_font_size=\u00a0\u00bb13px\u00a0\u00bb title_line_height=\u00a0\u00bb0em\u00a0\u00bb number_font=\u00a0\u00bb|600|||||||\u00a0\u00bb number_text_color=\u00a0\u00bbgcid-16aeab8c-4ea6-4213-9cf1-9a4e1ce14bf5&Prime; number_font_size=\u00a0\u00bb55px\u00a0\u00bb number_line_height=\u00a0\u00bb100px\u00a0\u00bb background_image=\u00a0\u00bbhttps:\/\/cementis.io\/wp-content\/uploads\/2021\/10\/CEMENTIS-WEBSITE-HOME-PAGE-CAROUSEL-C-500X535.png\u00a0\u00bb background_size=\u00a0\u00bbcontain\u00a0\u00bb width=\u00a0\u00bb85%\u00a0\u00bb custom_padding=\u00a0\u00bb8rem||8rem||true|false\u00a0\u00bb saved_tabs=\u00a0\u00bball\u00a0\u00bb global_colors_info=\u00a0\u00bb{%22gcid-5e2d3d4b-dee4-441d-abaa-32ff8dae7519%22:%91%93,%22gcid-16aeab8c-4ea6-4213-9cf1-9a4e1ce14bf5%22:%91%22number_text_color%22,%22title_text_color%22%93}\u00a0\u00bb][\/et_pb_number_counter][\/et_pb_column][\/et_pb_row][\/et_pb_section][et_pb_section fb_built=\u00a0\u00bb1&Prime; _builder_version=\u00a0\u00bb4.16&Prime; _module_preset=\u00a0\u00bbdefault\u00a0\u00bb border_width_top=\u00a0\u00bb8px\u00a0\u00bb border_color_top=\u00a0\u00bbgcid-5e2d3d4b-dee4-441d-abaa-32ff8dae7519&Prime; global_colors_info=\u00a0\u00bb{%22gcid-5e2d3d4b-dee4-441d-abaa-32ff8dae7519%22:%91%22border_color_top%22%93}\u00a0\u00bb][et_pb_row _builder_version=\u00a0\u00bb4.16&Prime; _module_preset=\u00a0\u00bbdefault\u00a0\u00bb global_colors_info=\u00a0\u00bb{}\u00a0\u00bb][et_pb_column type=\u00a0\u00bb4_4&Prime; _builder_version=\u00a0\u00bb4.16&Prime; _module_preset=\u00a0\u00bbdefault\u00a0\u00bb global_colors_info=\u00a0\u00bb{}\u00a0\u00bb][et_pb_text _builder_version=\u00a0\u00bb4.16&Prime; _module_preset=\u00a0\u00bbdefault\u00a0\u00bb global_colors_info=\u00a0\u00bb{}\u00a0\u00bb]<\/p>\n<div class=\"page\" title=\"Page 1\">\n<div class=\"section\">\n<div class=\"layoutArea\">\n<div class=\"column\">\n<h1>NOS <span style=\"color: #ffb600;\"><strong>PRODUITS ET SERVICES<\/strong><\/span><\/h1>\n<\/div>\n<\/div>\n<\/div>\n<\/div>\n<p>[\/et_pb_text][\/et_pb_column][\/et_pb_row][et_pb_row column_structure=\u00a0\u00bb3_4,1_4&Prime; _builder_version=\u00a0\u00bb4.16&Prime; _module_preset=\u00a0\u00bbdefault\u00a0\u00bb custom_margin=\u00a0\u00bb-34px|auto||auto||\u00a0\u00bb global_colors_info=\u00a0\u00bb{}\u00a0\u00bb][et_pb_column type=\u00a0\u00bb3_4&Prime; _builder_version=\u00a0\u00bb4.16&Prime; _module_preset=\u00a0\u00bbdefault\u00a0\u00bb global_colors_info=\u00a0\u00bb{}\u00a0\u00bb][et_pb_text _builder_version=\u00a0\u00bb4.16&Prime; _module_preset=\u00a0\u00bbdefault\u00a0\u00bb global_colors_info=\u00a0\u00bb{}\u00a0\u00bb]<\/p>\n<div class=\"page\" title=\"Page 1\">\n<div class=\"section\">\n<div class=\"layoutArea\">\n<div class=\"column\">\n<p>CEMENTIS est le leader dans la production et la distribution de ciment et de b\u00e9ton dans l&rsquo;oc\u00e9an Indien.<\/p>\n<p>\u00c0 la R\u00e9union, le groupe produit et distribue du ciment, du b\u00e9ton, et des \u00e9l\u00e9ments\u00a0 de structure pour plancher (poutrelle, pr\u00e9dalle, poutre) en b\u00e9ton pr\u00e9contraint pour le secteur de la construction et autres secteurs en relation avec la construction.<\/p>\n<\/div>\n<\/div>\n<\/div>\n<\/div>\n<p>[\/et_pb_text][et_pb_button button_url=\u00a0\u00bb@ET-DC@eyJkeW5hbWljIjp0cnVlLCJjb250ZW50IjoicG9zdF9saW5rX3VybF9wYWdlIiwic2V0dGluZ3MiOnsicG9zdF9pZCI6IjkifX0=@\u00a0\u00bb button_text=\u00a0\u00bbVOIR PLUS\u00a0\u00bb _builder_version=\u00a0\u00bb4.16&Prime; _dynamic_attributes=\u00a0\u00bbbutton_url\u00a0\u00bb _module_preset=\u00a0\u00bbdefault\u00a0\u00bb custom_button=\u00a0\u00bbon\u00a0\u00bb button_text_color=\u00a0\u00bb#FFFFFF\u00a0\u00bb button_bg_color=\u00a0\u00bbgcid-5e2d3d4b-dee4-441d-abaa-32ff8dae7519&Prime; button_border_width=\u00a0\u00bb2px\u00a0\u00bb button_border_radius=\u00a0\u00bb35px\u00a0\u00bb box_shadow_style=\u00a0\u00bbpreset3&Prime; global_colors_info=\u00a0\u00bb{%22gcid-5e2d3d4b-dee4-441d-abaa-32ff8dae7519%22:%91%22button_bg_color%22%93}\u00a0\u00bb][\/et_pb_button][\/et_pb_column][et_pb_column type=\u00a0\u00bb1_4&Prime; _builder_version=\u00a0\u00bb4.16&Prime; _module_preset=\u00a0\u00bbdefault\u00a0\u00bb global_colors_info=\u00a0\u00bb{}\u00a0\u00bb][et_pb_image src=\u00a0\u00bbhttps:\/\/cementis.io\/re\/wp-content\/uploads\/sites\/8\/2021\/10\/CEMENTIS-WEBSITE-REUNION-HOME-PAGE-CAROUSEL-1-500X535-3.png\u00a0\u00bb title_text=\u00a0\u00bbCEMENTIS-WEBSITE-REUNION-HOME-PAGE-CAROUSEL-1-500X535-3&Prime; _builder_version=\u00a0\u00bb4.19.2&Prime; _module_preset=\u00a0\u00bbdefault\u00a0\u00bb width=\u00a0\u00bb100%\u00a0\u00bb custom_margin=\u00a0\u00bb-60px||||false|false\u00a0\u00bb global_colors_info=\u00a0\u00bb{}\u00a0\u00bb][\/et_pb_image][\/et_pb_column][\/et_pb_row][\/et_pb_section][et_pb_section fb_built=\u00a0\u00bb1&Prime; fullwidth=\u00a0\u00bbon\u00a0\u00bb _builder_version=\u00a0\u00bb4.16&Prime; _module_preset=\u00a0\u00bbdefault\u00a0\u00bb border_width_top=\u00a0\u00bb8px\u00a0\u00bb border_color_top=\u00a0\u00bb#FFB600&Prime; global_colors_info=\u00a0\u00bb{}\u00a0\u00bb][et_pb_fullwidth_slider _builder_version=\u00a0\u00bb4.16&Prime; _module_preset=\u00a0\u00bbdefault\u00a0\u00bb custom_padding=\u00a0\u00bb334px||313px|||\u00a0\u00bb global_colors_info=\u00a0\u00bb{}\u00a0\u00bb][et_pb_slide heading=\u00a0\u00bbLa Route des Tamarins\u00a0\u00bb button_text=\u00a0\u00bbEN SAVOIR PLUS\u00a0\u00bb button_link=\u00a0\u00bb\/re\/notre-expertise#projects\u00a0\u00bb _builder_version=\u00a0\u00bb4.16&Prime; _module_preset=\u00a0\u00bbdefault\u00a0\u00bb header_level=\u00a0\u00bbh2&Prime; header_font=\u00a0\u00bb|600|||||||\u00a0\u00bb header_font_size=\u00a0\u00bb32px\u00a0\u00bb background_enable_color=\u00a0\u00bboff\u00a0\u00bb background_image=\u00a0\u00bbhttps:\/\/cementis.io\/re\/wp-content\/uploads\/sites\/8\/2021\/10\/CEMENTIS-WEBSITE-HOME-PAGE-PROJECTS-BANNER-1920X1080-2-1.jpg\u00a0\u00bb background_enable_image=\u00a0\u00bbon\u00a0\u00bb custom_button=\u00a0\u00bbon\u00a0\u00bb button_text_color=\u00a0\u00bb#FFFFFF\u00a0\u00bb button_bg_color=\u00a0\u00bb#FFB600&Prime; button_border_radius=\u00a0\u00bb31px\u00a0\u00bb text_orientation=\u00a0\u00bbleft\u00a0\u00bb global_colors_info=\u00a0\u00bb{}\u00a0\u00bb sticky_transition=\u00a0\u00bbon\u00a0\u00bb][\/et_pb_slide][et_pb_slide heading=\u00a0\u00bbEngineered Materials Arresting System (EMAS)\u00a0\u00bb button_text=\u00a0\u00bbEN SAVOIR PLUS\u00a0\u00bb button_link=\u00a0\u00bb\/re\/notre-expertise#projects\u00a0\u00bb _builder_version=\u00a0\u00bb4.16&Prime; _module_preset=\u00a0\u00bbdefault\u00a0\u00bb header_level=\u00a0\u00bbh2&Prime; header_font=\u00a0\u00bb|600|||||||\u00a0\u00bb header_font_size=\u00a0\u00bb32px\u00a0\u00bb background_enable_color=\u00a0\u00bboff\u00a0\u00bb background_image=\u00a0\u00bbhttps:\/\/cementis.io\/re\/wp-content\/uploads\/sites\/8\/2021\/10\/CEMENTIS-WEBSITE-REUNION-HOME-PAGE-BANNER-PROJECT-1-1920X1080-2.jpg\u00a0\u00bb background_enable_image=\u00a0\u00bbon\u00a0\u00bb custom_button=\u00a0\u00bbon\u00a0\u00bb button_text_color=\u00a0\u00bb#FFFFFF\u00a0\u00bb button_bg_color=\u00a0\u00bb#FFB600&Prime; button_border_radius=\u00a0\u00bb31px\u00a0\u00bb text_orientation=\u00a0\u00bbleft\u00a0\u00bb global_colors_info=\u00a0\u00bb{}\u00a0\u00bb sticky_transition=\u00a0\u00bbon\u00a0\u00bb][\/et_pb_slide][et_pb_slide heading=\u00a0\u00bbNouvelle Route du Littoral \u00a0\u00bb button_text=\u00a0\u00bbEN SAVOIR PLUS\u00a0\u00bb button_link=\u00a0\u00bb\/re\/notre-expertise#projects\u00a0\u00bb _builder_version=\u00a0\u00bb4.16&Prime; _module_preset=\u00a0\u00bbdefault\u00a0\u00bb header_level=\u00a0\u00bbh2&Prime; header_font=\u00a0\u00bb|600|||||||\u00a0\u00bb header_font_size=\u00a0\u00bb32px\u00a0\u00bb background_enable_color=\u00a0\u00bboff\u00a0\u00bb background_image=\u00a0\u00bbhttps:\/\/cementis.io\/re\/wp-content\/uploads\/sites\/8\/2021\/10\/CEMENTIS-WEBSITE-REUNION-HOME-PAGE-BANNER-PROJECT-1-1920X1080-3.jpg\u00a0\u00bb background_enable_image=\u00a0\u00bbon\u00a0\u00bb custom_button=\u00a0\u00bbon\u00a0\u00bb button_text_color=\u00a0\u00bb#FFFFFF\u00a0\u00bb button_bg_color=\u00a0\u00bb#FFB600&Prime; button_border_radius=\u00a0\u00bb31px\u00a0\u00bb text_orientation=\u00a0\u00bbleft\u00a0\u00bb global_colors_info=\u00a0\u00bb{}\u00a0\u00bb sticky_transition=\u00a0\u00bbon\u00a0\u00bb][\/et_pb_slide][\/et_pb_fullwidth_slider][\/et_pb_section][et_pb_section fb_built=\u00a0\u00bb1&Prime; _builder_version=\u00a0\u00bb4.16&Prime; _module_preset=\u00a0\u00bbdefault\u00a0\u00bb background_color=\u00a0\u00bbgcid-5e2d3d4b-dee4-441d-abaa-32ff8dae7519&Prime; custom_margin=\u00a0\u00bb0px|0px|0px|0px|false|false\u00a0\u00bb custom_padding=\u00a0\u00bb1px|0px|0px|0px|false|false\u00a0\u00bb border_color_bottom=\u00a0\u00bb#E09900&Prime; global_colors_info=\u00a0\u00bb{%22gcid-5e2d3d4b-dee4-441d-abaa-32ff8dae7519%22:%91%22background_color%22%93}\u00a0\u00bb][et_pb_row _builder_version=\u00a0\u00bb4.16&Prime; _module_preset=\u00a0\u00bbdefault\u00a0\u00bb custom_margin=\u00a0\u00bb-772px||||false|false\u00a0\u00bb global_colors_info=\u00a0\u00bb{}\u00a0\u00bb][et_pb_column type=\u00a0\u00bb4_4&Prime; _builder_version=\u00a0\u00bb4.16&Prime; _module_preset=\u00a0\u00bbdefault\u00a0\u00bb global_colors_info=\u00a0\u00bb{}\u00a0\u00bb][et_pb_text _builder_version=\u00a0\u00bb4.16&Prime; _module_preset=\u00a0\u00bbdefault\u00a0\u00bb background_layout=\u00a0\u00bbdark\u00a0\u00bb custom_padding=\u00a0\u00bb46px||2px|||\u00a0\u00bb global_colors_info=\u00a0\u00bb{}\u00a0\u00bb]<\/p>\n<div class=\"page\" title=\"Page 1\">\n<div class=\"section\">\n<div class=\"layoutArea\">\n<div class=\"column\">\n<h1><span><strong>NOS PROJETS <\/strong>\u00c0 <\/span><span style=\"color: #ffb600;\"><strong>LA R\u00c9UNION\u00a0 <\/strong><\/span><\/h1>\n<\/div>\n<\/div>\n<\/div>\n<\/div>\n<p>[\/et_pb_text][\/et_pb_column][\/et_pb_row][\/et_pb_section]<\/p>\n","protected":false},"excerpt":{"rendered":"<p>CONSTRUISONS NOTRE AVENIR CEMENTIS souhaite \u00eatre un exemple d\u2019entreprise prosp\u00e8re, construisant l\u2019avenir de fa\u00e7on \u00e9cologique et responsable, pour toute la communaut\u00e9. En tant qu\u2019entit\u00e9 r\u00e9gionale, nous nous engageons \u00e0 respecter les normes internationales de qualit\u00e9, d\u2019engagement local, d\u2019actions sociales, \u00e9conomiques et environnementales de la r\u00e9gion oc\u00e9an Indien. Notre ambition chez CEMENTIS est d\u2019\u00eatre un acteur [&hellip;]<\/p>\n","protected":false},"author":1,"featured_media":0,"parent":0,"menu_order":0,"comment_status":"closed","ping_status":"closed","template":"","meta":{"_et_pb_use_builder":"on","_et_pb_old_content":"","_et_gb_content_width":"","footnotes":""},"class_list":["post-12","page","type-page","status-publish","hentry"],"_links":{"self":[{"href":"https:\/\/cementis.io\/re\/wp-json\/wp\/v2\/pages\/12","targetHints":{"allow":["GET"]}}],"collection":[{"href":"https:\/\/cementis.io\/re\/wp-json\/wp\/v2\/pages"}],"about":[{"href":"https:\/\/cementis.io\/re\/wp-json\/wp\/v2\/types\/page"}],"author":[{"embeddable":true,"href":"https:\/\/cementis.io\/re\/wp-json\/wp\/v2\/users\/1"}],"replies":[{"embeddable":true,"href":"https:\/\/cementis.io\/re\/wp-json\/wp\/v2\/comments?post=12"}],"version-history":[{"count":9,"href":"https:\/\/cementis.io\/re\/wp-json\/wp\/v2\/pages\/12\/revisions"}],"predecessor-version":[{"id":614,"href":"https:\/\/cementis.io\/re\/wp-json\/wp\/v2\/pages\/12\/revisions\/614"}],"wp:attachment":[{"href":"https:\/\/cementis.io\/re\/wp-json\/wp\/v2\/media?parent=12"}],"curies":[{"name":"wp","href":"https:\/\/api.w.org\/{rel}","templated":true}]}}