{"id":8,"date":"2021-10-15T08:50:35","date_gmt":"2021-10-15T08:50:35","guid":{"rendered":"https:\/\/cementis.io\/km\/sustainable-prosperity\/"},"modified":"2021-10-27T11:36:06","modified_gmt":"2021-10-27T11:36:06","slug":"sustainable-prosperity","status":"publish","type":"page","link":"https:\/\/cementis.io\/km\/sustainable-prosperity\/","title":{"rendered":"Prosp\u00e9rit\u00e9 Durable"},"content":{"rendered":"<p>[et_pb_section fb_built=&#8221;1&#8243; _builder_version=&#8221;4.9.10&#8243; _module_preset=&#8221;default&#8221; background_image=&#8221;https:\/\/cementis.io\/wp-content\/uploads\/2021\/08\/Cementis-Cover-Banner-validated-1-1090x619px-without-logo.jpg&#8221; border_width_bottom=&#8221;8px&#8221; border_color_bottom=&#8221;gcid-5e2d3d4b-dee4-441d-abaa-32ff8dae7519&#8243; global_colors_info=&#8221;{%22gcid-5e2d3d4b-dee4-441d-abaa-32ff8dae7519%22:%91%22border_color_bottom%22%93}&#8221;][et_pb_row _builder_version=&#8221;4.9.10&#8243; _module_preset=&#8221;default&#8221; custom_padding=&#8221;||520px|||&#8221; global_colors_info=&#8221;{}&#8221;][et_pb_column type=&#8221;4_4&#8243; _builder_version=&#8221;4.9.10&#8243; _module_preset=&#8221;default&#8221; global_colors_info=&#8221;{}&#8221;][\/et_pb_column][\/et_pb_row][\/et_pb_section][et_pb_section fb_built=&#8221;1&#8243; _builder_version=&#8221;4.9.10&#8243; _module_preset=&#8221;default&#8221; custom_padding=&#8221;36px||0px|||&#8221; global_colors_info=&#8221;{}&#8221;][et_pb_row _builder_version=&#8221;4.9.10&#8243; _module_preset=&#8221;default&#8221; global_colors_info=&#8221;{}&#8221;][et_pb_column type=&#8221;4_4&#8243; _builder_version=&#8221;4.9.10&#8243; _module_preset=&#8221;default&#8221; global_colors_info=&#8221;{}&#8221;][et_pb_text _builder_version=&#8221;4.11.3&#8243; _module_preset=&#8221;default&#8221; header_text_color=&#8221;gcid-5e2d3d4b-dee4-441d-abaa-32ff8dae7519&#8243; global_colors_info=&#8221;{%22gcid-5e2d3d4b-dee4-441d-abaa-32ff8dae7519%22:%91%22header_text_color%22%93}&#8221;]<\/p>\n<div class=\"page\" title=\"Page 5\">\n<div class=\"section\">\n<div class=\"layoutArea\">\n<div class=\"column\">\n<h1>CONSTRUISONS UNE <strong>PROSP\u00c9RIT\u00c9 DURABLE <\/strong><\/h1>\n<\/div>\n<\/div>\n<\/div>\n<\/div>\n<p>[\/et_pb_text][\/et_pb_column][\/et_pb_row][et_pb_row _builder_version=&#8221;4.9.10&#8243; _module_preset=&#8221;default&#8221; custom_margin=&#8221;-14px|auto||auto||&#8221; global_colors_info=&#8221;{}&#8221;][et_pb_column type=&#8221;4_4&#8243; _builder_version=&#8221;4.9.10&#8243; _module_preset=&#8221;default&#8221; global_colors_info=&#8221;{}&#8221;][et_pb_text _builder_version=&#8221;4.11.3&#8243; _module_preset=&#8221;default&#8221; global_colors_info=&#8221;{}&#8221;]<\/p>\n<div class=\"page\" title=\"Page 5\">\n<div class=\"section\">\n<div class=\"layoutArea\">\n<div class=\"column\">\n<p>CEMENTIS pr\u00f4ne la prosp\u00e9rit\u00e9 durable pour notre r\u00e9gion, notre communaut\u00e9 et les g\u00e9n\u00e9rations futures.<\/p>\n<p>Nous cherchons \u00e0 cr\u00e9er une prosp\u00e9rit\u00e9 adapt\u00e9e \u00e0 notre activit\u00e9, qu\u2019elle soit \u00e0 la fois durable et viable sur le long terme. La prosp\u00e9rit\u00e9 de chaque \u00eele contribue \u00e0 la prosp\u00e9rit\u00e9 collective de toutes les autres \u00eeles, en se soutenant les unes, les autres et en fa\u00e7onnant une \u00e9conomie r\u00e9gionale qui favorise un environnement positif et une communaut\u00e9 plus forte.<\/p>\n<p>&nbsp;<\/p>\n<\/div>\n<\/div>\n<\/div>\n<\/div>\n<p>[\/et_pb_text][\/et_pb_column][\/et_pb_row][\/et_pb_section][et_pb_section fb_built=&#8221;1&#8243; fullwidth=&#8221;on&#8221; _builder_version=&#8221;4.11.3&#8243; _module_preset=&#8221;default&#8221; global_colors_info=&#8221;{}&#8221;][et_pb_fullwidth_slider use_bg_overlay=&#8221;on&#8221; use_text_overlay=&#8221;on&#8221; admin_label=&#8221;Fullwidth Slider&#8221; _builder_version=&#8221;4.11.3&#8243; _module_preset=&#8221;default&#8221; header_text_align=&#8221;left&#8221; header_font_size=&#8221;30px&#8221; text_orientation=&#8221;left&#8221; module_alignment=&#8221;left&#8221; custom_padding=&#8221;22rem||3rem|3rem|false|false&#8221; hover_enabled=&#8221;0&#8243; global_colors_info=&#8221;{}&#8221; sticky_enabled=&#8221;0&#8243;][et_pb_slide use_bg_overlay=&#8221;on&#8221; use_text_overlay=&#8221;on&#8221; _builder_version=&#8221;4.11.3&#8243; _module_preset=&#8221;default&#8221; background_enable_color=&#8221;off&#8221; background_image=&#8221;https:\/\/cementis.io\/km\/wp-content\/uploads\/sites\/10\/2021\/10\/Artboard-133-100-1.jpg&#8221; background_enable_image=&#8221;on&#8221; hover_enabled=&#8221;0&#8243; global_colors_info=&#8221;{}&#8221; sticky_transition=&#8221;on&#8221; title_text=&#8221;Artboard 133-100 (1)&#8221; sticky_enabled=&#8221;0&#8243;]<\/p>\n<p>CEMENTIS Comores accompagne les populations environnantes pour offrir des conditions de vies d\u00e9centes et porte une attention particuli\u00e8re aux respect des normes environnementales pouvant avoir un impact direct sur le voisinage.<\/p>\n<p>[\/et_pb_slide][\/et_pb_fullwidth_slider][\/et_pb_section][et_pb_section fb_built=&#8221;1&#8243; _builder_version=&#8221;4.11.3&#8243; _module_preset=&#8221;default&#8221; background_color=&#8221;gcid-5e2d3d4b-dee4-441d-abaa-32ff8dae7519&#8243; custom_padding=&#8221;1px||0px||false|false&#8221; global_colors_info=&#8221;{%22gcid-5e2d3d4b-dee4-441d-abaa-32ff8dae7519%22:%91%22background_color%22%93}&#8221;][et_pb_row _builder_version=&#8221;4.11.3&#8243; _module_preset=&#8221;default&#8221; custom_margin=&#8221;-443px||||false|false&#8221; custom_padding=&#8221;0px||0px||false|false&#8221; global_colors_info=&#8221;{}&#8221;][et_pb_column type=&#8221;4_4&#8243; _builder_version=&#8221;4.11.3&#8243; _module_preset=&#8221;default&#8221; global_colors_info=&#8221;{}&#8221;][et_pb_text _builder_version=&#8221;4.11.3&#8243; _module_preset=&#8221;default&#8221; background_layout=&#8221;dark&#8221; custom_padding=&#8221;||0px|||&#8221; text_text_shadow_style=&#8221;preset3&#8243; global_colors_info=&#8221;{}&#8221;]<\/p>\n<div class=\"page\" title=\"Page 5\">\n<div class=\"section\">\n<div class=\"layoutArea\">\n<div class=\"column\">\n<h1>CONSTRUISONS UN <strong>MEILLEUR ENVIRONNEMENT <\/strong><\/h1>\n<\/div>\n<\/div>\n<\/div>\n<\/div>\n<p>[\/et_pb_text][\/et_pb_column][\/et_pb_row][\/et_pb_section][et_pb_section fb_built=&#8221;1&#8243; _builder_version=&#8221;4.11.3&#8243; _module_preset=&#8221;default&#8221; background_color=&#8221;#FFB600&#8243; global_colors_info=&#8221;{}&#8221;][et_pb_row _builder_version=&#8221;4.11.3&#8243; _module_preset=&#8221;default&#8221; global_colors_info=&#8221;{}&#8221;][et_pb_column type=&#8221;4_4&#8243; _builder_version=&#8221;4.11.3&#8243; _module_preset=&#8221;default&#8221; global_colors_info=&#8221;{}&#8221;][et_pb_text _builder_version=&#8221;4.11.3&#8243; _module_preset=&#8221;default&#8221; hover_enabled=&#8221;0&#8243; global_colors_info=&#8221;{}&#8221; sticky_enabled=&#8221;0&#8243;][\/et_pb_text][\/et_pb_column][\/et_pb_row][\/et_pb_section][et_pb_section fb_built=&#8221;1&#8243; fullwidth=&#8221;on&#8221; _builder_version=&#8221;4.11.3&#8243; _module_preset=&#8221;default&#8221; global_colors_info=&#8221;{}&#8221;][et_pb_fullwidth_slider admin_label=&#8221;Fullwidth Slider&#8221; _builder_version=&#8221;4.11.3&#8243; _module_preset=&#8221;default&#8221; header_text_align=&#8221;left&#8221; header_font_size=&#8221;30px&#8221; text_orientation=&#8221;left&#8221; module_alignment=&#8221;left&#8221; custom_padding=&#8221;22rem||3rem|3rem|false|false&#8221; hover_enabled=&#8221;0&#8243; global_colors_info=&#8221;{}&#8221; sticky_enabled=&#8221;0&#8243;][et_pb_slide use_bg_overlay=&#8221;on&#8221; use_text_overlay=&#8221;on&#8221; _builder_version=&#8221;4.11.3&#8243; _module_preset=&#8221;default&#8221; background_enable_color=&#8221;off&#8221; background_image=&#8221;https:\/\/cementis.io\/km\/wp-content\/uploads\/sites\/10\/2021\/10\/Artboard-133-copy-100-1.jpg&#8221; background_enable_image=&#8221;on&#8221; hover_enabled=&#8221;0&#8243; global_colors_info=&#8221;{}&#8221; sticky_transition=&#8221;on&#8221; title_text=&#8221;Artboard 133 copy-100 (1)&#8221; sticky_enabled=&#8221;0&#8243;]<\/p>\n<p><span style=\"font-weight: 400;\">Les \u00e9quipes de CEMENTIS Comores sont mobilis\u00e9es pour le soutien des populations locales au travers de projets de Responsabilit\u00e9 Soci\u00e9tale et Environnementale (RSE) tels que le nettoyage de la Mangrove, la distribution de kits d\u2019hygi\u00e8ne, la fourniture de ciment pour des projets d\u2019infrastructure (\u00e9coles, routes, march\u00e9s de vivres,\u2026)<\/span><\/p>\n<p>[\/et_pb_slide][\/et_pb_fullwidth_slider][\/et_pb_section][et_pb_section fb_built=&#8221;1&#8243; _builder_version=&#8221;4.11.3&#8243; _module_preset=&#8221;default&#8221; background_color=&#8221;#3D4C5C&#8221; background_enable_image=&#8221;off&#8221; custom_padding=&#8221;1px||0px||false|false&#8221; global_colors_info=&#8221;{}&#8221;][et_pb_row _builder_version=&#8221;4.11.3&#8243; _module_preset=&#8221;default&#8221; custom_margin=&#8221;-443px||||false|false&#8221; custom_padding=&#8221;0px||0px||false|false&#8221; global_colors_info=&#8221;{}&#8221;][et_pb_column type=&#8221;4_4&#8243; _builder_version=&#8221;4.11.3&#8243; _module_preset=&#8221;default&#8221; global_colors_info=&#8221;{}&#8221;][et_pb_text _builder_version=&#8221;4.11.3&#8243; _module_preset=&#8221;default&#8221; background_layout=&#8221;dark&#8221; custom_padding=&#8221;||0px|||&#8221; text_text_shadow_style=&#8221;preset3&#8243; global_colors_info=&#8221;{}&#8221;]<\/p>\n<div class=\"page\" title=\"Page 5\">\n<div class=\"section\">\n<div class=\"layoutArea\">\n<div class=\"column\">\n<h1>CONSTRUISONS UNE <strong>COMMUNAUT\u00c9 PLUS FORTE <\/strong><\/h1>\n<\/div>\n<\/div>\n<\/div>\n<\/div>\n<p>[\/et_pb_text][\/et_pb_column][\/et_pb_row][\/et_pb_section]<\/p>\n","protected":false},"excerpt":{"rendered":"<p>CONSTRUISONS UNE PROSP\u00c9RIT\u00c9 DURABLE CEMENTIS pr\u00f4ne la prosp\u00e9rit\u00e9 durable pour notre r\u00e9gion, notre communaut\u00e9 et les g\u00e9n\u00e9rations futures. Nous cherchons \u00e0 cr\u00e9er une prosp\u00e9rit\u00e9 adapt\u00e9e \u00e0 notre activit\u00e9, qu\u2019elle soit \u00e0 la fois durable et viable sur le long terme. La prosp\u00e9rit\u00e9 de chaque \u00eele contribue \u00e0 la prosp\u00e9rit\u00e9 collective de toutes les autres \u00eeles, [&hellip;]<\/p>\n","protected":false},"author":1,"featured_media":0,"parent":0,"menu_order":0,"comment_status":"closed","ping_status":"closed","template":"","meta":{"_et_pb_use_builder":"on","_et_pb_old_content":"","_et_gb_content_width":"","footnotes":""},"class_list":["post-8","page","type-page","status-publish","hentry"],"_links":{"self":[{"href":"https:\/\/cementis.io\/km\/wp-json\/wp\/v2\/pages\/8","targetHints":{"allow":["GET"]}}],"collection":[{"href":"https:\/\/cementis.io\/km\/wp-json\/wp\/v2\/pages"}],"about":[{"href":"https:\/\/cementis.io\/km\/wp-json\/wp\/v2\/types\/page"}],"author":[{"embeddable":true,"href":"https:\/\/cementis.io\/km\/wp-json\/wp\/v2\/users\/1"}],"replies":[{"embeddable":true,"href":"https:\/\/cementis.io\/km\/wp-json\/wp\/v2\/comments?post=8"}],"version-history":[{"count":0,"href":"https:\/\/cementis.io\/km\/wp-json\/wp\/v2\/pages\/8\/revisions"}],"wp:attachment":[{"href":"https:\/\/cementis.io\/km\/wp-json\/wp\/v2\/media?parent=8"}],"curies":[{"name":"wp","href":"https:\/\/api.w.org\/{rel}","templated":true}]}}