{"id":12,"date":"2021-10-14T12:50:50","date_gmt":"2021-10-14T12:50:50","guid":{"rendered":"https:\/\/cementis.io\/km\/home\/"},"modified":"2023-12-03T18:03:31","modified_gmt":"2023-12-03T18:03:31","slug":"home","status":"publish","type":"page","link":"https:\/\/cementis.io\/km\/","title":{"rendered":"Accueil"},"content":{"rendered":"<p>[et_pb_section fb_built=&#8221;1&#8243; fullwidth=&#8221;on&#8221; _builder_version=&#8221;4.16&#8243; _module_preset=&#8221;default&#8221; global_colors_info=&#8221;{}&#8221;][et_pb_fullwidth_slider _builder_version=&#8221;4.16&#8243; _module_preset=&#8221;default&#8221; header_text_align=&#8221;left&#8221; button_alignment=&#8221;left&#8221; text_orientation=&#8221;left&#8221; module_alignment=&#8221;left&#8221; custom_padding=&#8221;17rem|0px|17rem|0px|true|false&#8221; global_colors_info=&#8221;{}&#8221;][et_pb_slide heading=&#8221;LEADER DANS LA PRODUCTION ET LA DISTRIBUTION DE CIMENT DANS L&#8217;OC\u00c9AN INDIEN &#8221; button_text=&#8221; VOIR PLUS&#8221; use_bg_overlay=&#8221;on&#8221; _builder_version=&#8221;4.16&#8243; _module_preset=&#8221;default&#8221; header_level=&#8221;h2&#8243; header_text_align=&#8221;left&#8221; header_font_size=&#8221;35px&#8221; body_text_align=&#8221;left&#8221; background_enable_color=&#8221;off&#8221; background_image=&#8221;https:\/\/cementis.io\/mu\/wp-content\/uploads\/sites\/7\/2021\/10\/CEMENTIS-WEBSITE-HOME-PAGE-BANNER-1-1920X1080.jpg&#8221; background_enable_image=&#8221;on&#8221; custom_button=&#8221;on&#8221; button_text_color=&#8221;#FFFFFF&#8221; button_bg_color=&#8221;gcid-5e2d3d4b-dee4-441d-abaa-32ff8dae7519&#8243; button_border_radius=&#8221;32px&#8221; button_alignment=&#8221;left&#8221; text_orientation=&#8221;left&#8221; custom_padding=&#8221;|55%||3rem|false|false&#8221; custom_padding_tablet=&#8221;|10%|||false|false&#8221; custom_padding_phone=&#8221;|10%|||false|false&#8221; custom_padding_last_edited=&#8221;on|tablet&#8221; header_font_size_tablet=&#8221;35px&#8221; header_font_size_phone=&#8221;20px&#8221; header_font_size_last_edited=&#8221;on|phone&#8221; global_colors_info=&#8221;{%22gcid-5e2d3d4b-dee4-441d-abaa-32ff8dae7519%22:%91%22button_bg_color%22%93}&#8221; sticky_transition=&#8221;on&#8221;][\/et_pb_slide][et_pb_slide heading=&#8221;NOUS OFFRONS DES PRODUITS ET SERVICES DE QUALIT\u00c9 DANS LA R\u00c9GION&#8221; button_text=&#8221; VOIR PLUS&#8221; use_bg_overlay=&#8221;on&#8221; _builder_version=&#8221;4.16&#8243; _module_preset=&#8221;default&#8221; header_level=&#8221;h2&#8243; header_text_align=&#8221;left&#8221; header_font_size=&#8221;35px&#8221; body_text_align=&#8221;left&#8221; background_enable_color=&#8221;off&#8221; background_image=&#8221;https:\/\/cementis.io\/km\/wp-content\/uploads\/sites\/10\/2021\/10\/Artboard-24-copy-11-100-1.jpg&#8221; background_enable_image=&#8221;on&#8221; custom_button=&#8221;on&#8221; button_text_color=&#8221;#FFFFFF&#8221; button_bg_color=&#8221;gcid-5e2d3d4b-dee4-441d-abaa-32ff8dae7519&#8243; button_border_radius=&#8221;32px&#8221; button_alignment=&#8221;left&#8221; text_orientation=&#8221;left&#8221; custom_padding=&#8221;|55%||3rem|false|false&#8221; custom_padding_tablet=&#8221;|10%|||false|false&#8221; custom_padding_phone=&#8221;|10%|||false|false&#8221; custom_padding_last_edited=&#8221;on|tablet&#8221; global_colors_info=&#8221;{%22gcid-5e2d3d4b-dee4-441d-abaa-32ff8dae7519%22:%91%22button_bg_color%22,%22button_bg_color%22,%22button_bg_color%22%93}&#8221; sticky_transition=&#8221;on&#8221;][\/et_pb_slide][et_pb_slide heading=&#8221;NOUS CONSTRUISONS ENSEMBLE POUR UN AVENIR DURABLE. &#8221; button_text=&#8221; VOIR PLUS&#8221; use_bg_overlay=&#8221;on&#8221; _builder_version=&#8221;4.16&#8243; _module_preset=&#8221;default&#8221; header_level=&#8221;h2&#8243; header_text_align=&#8221;left&#8221; header_font_size=&#8221;35px&#8221; body_text_align=&#8221;left&#8221; background_enable_color=&#8221;off&#8221; background_image=&#8221;https:\/\/cementis.io\/km\/wp-content\/uploads\/sites\/10\/2021\/10\/CEMENTIS-WEBSITE-REUNION-HOME-PAGE-BANNER-1-1920X1080-1-1.jpg&#8221; background_enable_image=&#8221;on&#8221; background_position=&#8221;center_left&#8221; custom_button=&#8221;on&#8221; button_text_color=&#8221;#FFFFFF&#8221; button_bg_color=&#8221;gcid-5e2d3d4b-dee4-441d-abaa-32ff8dae7519&#8243; button_border_radius=&#8221;32px&#8221; button_alignment=&#8221;left&#8221; text_orientation=&#8221;left&#8221; custom_padding=&#8221;|55%||3rem|false|false&#8221; custom_padding_tablet=&#8221;|10%|||false|false&#8221; custom_padding_phone=&#8221;|10%|||false|false&#8221; custom_padding_last_edited=&#8221;on|tablet&#8221; global_colors_info=&#8221;{%22gcid-5e2d3d4b-dee4-441d-abaa-32ff8dae7519%22:%91%22button_bg_color%22,%22button_bg_color%22,%22button_bg_color%22%93}&#8221; sticky_transition=&#8221;on&#8221;][\/et_pb_slide][\/et_pb_fullwidth_slider][\/et_pb_section][et_pb_section fb_built=&#8221;1&#8243; _builder_version=&#8221;4.16&#8243; _module_preset=&#8221;default&#8221; border_width_top=&#8221;5px&#8221; border_color_top=&#8221;gcid-5e2d3d4b-dee4-441d-abaa-32ff8dae7519&#8243; global_colors_info=&#8221;{%22gcid-5e2d3d4b-dee4-441d-abaa-32ff8dae7519%22:%91%22border_color_top%22%93}&#8221;][et_pb_row _builder_version=&#8221;4.16&#8243; _module_preset=&#8221;default&#8221; custom_padding=&#8221;6px|||||&#8221; global_colors_info=&#8221;{}&#8221;][et_pb_column type=&#8221;4_4&#8243; _builder_version=&#8221;4.16&#8243; _module_preset=&#8221;default&#8221; global_colors_info=&#8221;{}&#8221;][et_pb_text _builder_version=&#8221;4.16&#8243; _module_preset=&#8221;default&#8221; header_text_color=&#8221;gcid-5e2d3d4b-dee4-441d-abaa-32ff8dae7519&#8243; global_colors_info=&#8221;{%22gcid-5e2d3d4b-dee4-441d-abaa-32ff8dae7519%22:%91%22header_text_color%22%93}&#8221;]<\/p>\n<div class=\"page\" title=\"Page 1\">\n<div class=\"section\">\n<div class=\"layoutArea\">\n<div class=\"column\">\n<div class=\"page\" title=\"Page 1\">\n<div class=\"section\">\n<div class=\"layoutArea\">\n<div class=\"column\">\n<h1>CONSTRUISONS NOTRE <strong>AVENIR<\/strong><\/h1>\n<\/div>\n<\/div>\n<\/div>\n<\/div>\n<\/div>\n<\/div>\n<\/div>\n<\/div>\n<p>[\/et_pb_text][\/et_pb_column][\/et_pb_row][et_pb_row _builder_version=&#8221;4.16&#8243; _module_preset=&#8221;default&#8221; custom_padding=&#8221;2px|||||&#8221; global_colors_info=&#8221;{}&#8221;][et_pb_column type=&#8221;4_4&#8243; _builder_version=&#8221;4.16&#8243; _module_preset=&#8221;default&#8221; global_colors_info=&#8221;{}&#8221;][et_pb_text _builder_version=&#8221;4.16&#8243; _module_preset=&#8221;default&#8221; global_colors_info=&#8221;{}&#8221;]<\/p>\n<p>CEMENTIS souhaite \u00eatre un exemple d\u2019entreprise prosp\u00e8re, construisant l\u2019avenir de fa\u00e7on \u00e9cologique et responsable, pour toute la communaut\u00e9.<\/p>\n<p>En tant qu\u2019entit\u00e9 r\u00e9gionale, nous nous engageons \u00e0 respecter les normes internationales de qualit\u00e9, d\u2019engagement local, d\u2019actions sociales, \u00e9conomiques et environnementales de la r\u00e9gion oc\u00e9an Indien.<\/p>\n<p>Notre ambition chez CEMENTIS est d\u2019\u00eatre un acteur fiable et responsable. Nos actions sont soutenues par nos valeurs fondamentales : <strong>Le Respect, la Confiance et l\u2019Innovation.<\/strong><\/p>\n<p>[\/et_pb_text][\/et_pb_column][\/et_pb_row][\/et_pb_section][et_pb_section fb_built=&#8221;1&#8243; fullwidth=&#8221;on&#8221; _builder_version=&#8221;4.16&#8243; _module_preset=&#8221;default&#8221; global_colors_info=&#8221;{}&#8221;][et_pb_fullwidth_image src=&#8221;https:\/\/cementis.io\/km\/wp-content\/uploads\/sites\/10\/2021\/10\/CEMENTIS-WEBSITE-SUSTAINABLE-PROSPERITY-BANNER-1-1920X720.jpeg&#8221; title_text=&#8221;CEMENTIS-WEBSITE-SUSTAINABLE-PROSPERITY-BANNER-1-1920X720&#8243; _builder_version=&#8221;4.16&#8243; _module_preset=&#8221;default&#8221; border_width_bottom=&#8221;8px&#8221; border_color_bottom=&#8221;#f7b500&#8243; global_colors_info=&#8221;{}&#8221;][\/et_pb_fullwidth_image][\/et_pb_section][et_pb_section fb_built=&#8221;1&#8243; _builder_version=&#8221;4.16&#8243; _module_preset=&#8221;default&#8221; global_colors_info=&#8221;{}&#8221;][et_pb_row _builder_version=&#8221;4.16&#8243; _module_preset=&#8221;default&#8221; global_colors_info=&#8221;{}&#8221;][et_pb_column type=&#8221;4_4&#8243; _builder_version=&#8221;4.16&#8243; _module_preset=&#8221;default&#8221; global_colors_info=&#8221;{}&#8221;][et_pb_text _builder_version=&#8221;4.16&#8243; _module_preset=&#8221;default&#8221; header_text_color=&#8221;gcid-0ec4115c-34f0-46f9-a018-a7e70221f3e2&#8243; global_colors_info=&#8221;{%22gcid-0ec4115c-34f0-46f9-a018-a7e70221f3e2%22:%91%22header_text_color%22%93}&#8221;]<\/p>\n<h1>NOS <span style=\"color: #ffb600;\"><strong>CHIFFRES-CL\u00c9S <\/strong><\/span><\/h1>\n<h1><\/h1>\n<p>[\/et_pb_text][\/et_pb_column][\/et_pb_row][et_pb_row column_structure=&#8221;1_3,1_3,1_3&#8243; _builder_version=&#8221;4.16&#8243; _module_preset=&#8221;default&#8221; global_colors_info=&#8221;{}&#8221;][et_pb_column type=&#8221;1_3&#8243; _builder_version=&#8221;4.16&#8243; _module_preset=&#8221;default&#8221; global_colors_info=&#8221;{}&#8221;][et_pb_number_counter title=&#8221;COLLABORATEURS&#8221; number=&#8221;+11&#8243; percent_sign=&#8221;off&#8221; _builder_version=&#8221;4.16&#8243; _module_preset=&#8221;default&#8221; title_text_color=&#8221;gcid-16aeab8c-4ea6-4213-9cf1-9a4e1ce14bf5&#8243; title_font_size=&#8221;15px&#8221; title_line_height=&#8221;0em&#8221; number_font=&#8221;|600|||||||&#8221; number_text_color=&#8221;gcid-16aeab8c-4ea6-4213-9cf1-9a4e1ce14bf5&#8243; number_font_size=&#8221;55px&#8221; number_line_height=&#8221;100px&#8221; background_image=&#8221;https:\/\/cementis.io\/wp-content\/uploads\/2021\/10\/CEMENTIS-WEBSITE-HOME-PAGE-CAROUSEL-C-500X535.png&#8221; background_size=&#8221;contain&#8221; custom_padding=&#8221;8rem||8rem||true|false&#8221; saved_tabs=&#8221;all&#8221; global_colors_info=&#8221;{%22gcid-5e2d3d4b-dee4-441d-abaa-32ff8dae7519%22:%91%93,%22gcid-16aeab8c-4ea6-4213-9cf1-9a4e1ce14bf5%22:%91%22number_text_color%22,%22title_text_color%22%93}&#8221;][\/et_pb_number_counter][\/et_pb_column][et_pb_column type=&#8221;1_3&#8243; _builder_version=&#8221;4.16&#8243; _module_preset=&#8221;default&#8221; global_colors_info=&#8221;{}&#8221;][et_pb_number_counter title=&#8221;CLIENTS&#8221; number=&#8221;+130&#8243; percent_sign=&#8221;off&#8221; _builder_version=&#8221;4.16&#8243; _module_preset=&#8221;default&#8221; title_text_color=&#8221;gcid-16aeab8c-4ea6-4213-9cf1-9a4e1ce14bf5&#8243; title_font_size=&#8221;15px&#8221; title_line_height=&#8221;0em&#8221; number_font=&#8221;|600|||||||&#8221; number_text_color=&#8221;gcid-16aeab8c-4ea6-4213-9cf1-9a4e1ce14bf5&#8243; number_font_size=&#8221;55px&#8221; number_line_height=&#8221;100px&#8221; background_image=&#8221;https:\/\/cementis.io\/wp-content\/uploads\/2021\/10\/CEMENTIS-WEBSITE-HOME-PAGE-CAROUSEL-C-500X535.png&#8221; background_size=&#8221;contain&#8221; custom_padding=&#8221;8rem||8rem||true|false&#8221; saved_tabs=&#8221;all&#8221; global_colors_info=&#8221;{%22gcid-5e2d3d4b-dee4-441d-abaa-32ff8dae7519%22:%91%93,%22gcid-16aeab8c-4ea6-4213-9cf1-9a4e1ce14bf5%22:%91%22number_text_color%22,%22title_text_color%22%93}&#8221;][\/et_pb_number_counter][\/et_pb_column][et_pb_column type=&#8221;1_3&#8243; _builder_version=&#8221;4.16&#8243; _module_preset=&#8221;default&#8221; global_colors_info=&#8221;{}&#8221;][et_pb_number_counter title=&#8221;POINT DE VENTE&#8221; number=&#8221;1&#8243; percent_sign=&#8221;off&#8221; _builder_version=&#8221;4.16&#8243; _module_preset=&#8221;default&#8221; title_text_color=&#8221;gcid-16aeab8c-4ea6-4213-9cf1-9a4e1ce14bf5&#8243; title_font_size=&#8221;15px&#8221; title_line_height=&#8221;0em&#8221; number_font=&#8221;|600|||||||&#8221; number_text_color=&#8221;gcid-16aeab8c-4ea6-4213-9cf1-9a4e1ce14bf5&#8243; number_font_size=&#8221;55px&#8221; number_line_height=&#8221;100px&#8221; background_image=&#8221;https:\/\/cementis.io\/wp-content\/uploads\/2021\/10\/CEMENTIS-WEBSITE-HOME-PAGE-CAROUSEL-C-500X535.png&#8221; background_size=&#8221;contain&#8221; custom_padding=&#8221;8rem||8rem||true|false&#8221; saved_tabs=&#8221;all&#8221; global_colors_info=&#8221;{%22gcid-5e2d3d4b-dee4-441d-abaa-32ff8dae7519%22:%91%93,%22gcid-16aeab8c-4ea6-4213-9cf1-9a4e1ce14bf5%22:%91%22number_text_color%22,%22title_text_color%22%93}&#8221;][\/et_pb_number_counter][\/et_pb_column][\/et_pb_row][\/et_pb_section][et_pb_section fb_built=&#8221;1&#8243; _builder_version=&#8221;4.16&#8243; _module_preset=&#8221;default&#8221; border_width_top=&#8221;8px&#8221; border_color_top=&#8221;gcid-5e2d3d4b-dee4-441d-abaa-32ff8dae7519&#8243; global_colors_info=&#8221;{%22gcid-5e2d3d4b-dee4-441d-abaa-32ff8dae7519%22:%91%22border_color_top%22%93}&#8221;][et_pb_row _builder_version=&#8221;4.16&#8243; _module_preset=&#8221;default&#8221; global_colors_info=&#8221;{}&#8221;][et_pb_column type=&#8221;4_4&#8243; _builder_version=&#8221;4.16&#8243; _module_preset=&#8221;default&#8221; global_colors_info=&#8221;{}&#8221;][et_pb_text _builder_version=&#8221;4.16&#8243; _module_preset=&#8221;default&#8221; global_colors_info=&#8221;{}&#8221;]<\/p>\n<div class=\"page\" title=\"Page 1\">\n<div class=\"section\">\n<div class=\"layoutArea\">\n<div class=\"column\">\n<h1><span>NOS<strong> PRODUITS ET SERVICES<\/strong> <\/span><\/h1>\n<\/div>\n<\/div>\n<\/div>\n<\/div>\n<p>[\/et_pb_text][\/et_pb_column][\/et_pb_row][et_pb_row column_structure=&#8221;2_3,1_3&#8243; _builder_version=&#8221;4.16&#8243; _module_preset=&#8221;default&#8221; custom_margin=&#8221;-34px|auto||auto||&#8221; global_colors_info=&#8221;{}&#8221;][et_pb_column type=&#8221;2_3&#8243; _builder_version=&#8221;4.16&#8243; _module_preset=&#8221;default&#8221; global_colors_info=&#8221;{}&#8221;][et_pb_text _builder_version=&#8221;4.16&#8243; _module_preset=&#8221;default&#8221; global_colors_info=&#8221;{}&#8221;]<\/p>\n<div class=\"page\" title=\"Page 1\">\n<div class=\"section\">\n<div class=\"layoutArea\">\n<div class=\"column\">\n<p>CEMENTIS est le leader dans la production et la distribution de ciment et de b\u00e9ton dans l&#8217;oc\u00e9an Indien.<\/p>\n<p>Aux Comores, le groupe distribue une gamme de ciment pour la construction et les activit\u00e9s li\u00e9es \u00e0 la construction. <\/p>\n<\/div>\n<\/div>\n<\/div>\n<\/div>\n<p>[\/et_pb_text][et_pb_button button_url=&#8221;@ET-DC@eyJkeW5hbWljIjp0cnVlLCJjb250ZW50IjoicG9zdF9saW5rX3VybF9wYWdlIiwic2V0dGluZ3MiOnsicG9zdF9pZCI6IjkifX0=@&#8221; button_text=&#8221;VOIR PLUS&#8221; _builder_version=&#8221;4.16&#8243; _dynamic_attributes=&#8221;button_url&#8221; _module_preset=&#8221;default&#8221; custom_button=&#8221;on&#8221; button_text_color=&#8221;#FFFFFF&#8221; button_bg_color=&#8221;gcid-5e2d3d4b-dee4-441d-abaa-32ff8dae7519&#8243; button_border_width=&#8221;2px&#8221; button_border_radius=&#8221;35px&#8221; box_shadow_style=&#8221;preset3&#8243; global_colors_info=&#8221;{%22gcid-5e2d3d4b-dee4-441d-abaa-32ff8dae7519%22:%91%22button_bg_color%22%93}&#8221;][\/et_pb_button][\/et_pb_column][et_pb_column type=&#8221;1_3&#8243; _builder_version=&#8221;4.16&#8243; _module_preset=&#8221;default&#8221; global_colors_info=&#8221;{}&#8221;][et_pb_image src=&#8221;https:\/\/cementis.io\/km\/wp-content\/uploads\/sites\/10\/2021\/10\/CEMENTIS-WEBSITE-OUR-EXPERTISE-PRODUCT-C-1-500X535.png&#8221; title_text=&#8221;CEMENTIS-WEBSITE-OUR-EXPERTISE-PRODUCT-C-1-500X535&#8243; _builder_version=&#8221;4.16&#8243; _module_preset=&#8221;default&#8221; width=&#8221;75%&#8221; custom_margin=&#8221;-65px||||false|false&#8221; global_colors_info=&#8221;{}&#8221;][\/et_pb_image][\/et_pb_column][\/et_pb_row][\/et_pb_section][et_pb_section fb_built=&#8221;1&#8243; fullwidth=&#8221;on&#8221; _builder_version=&#8221;4.16&#8243; _module_preset=&#8221;default&#8221; border_width_top=&#8221;8px&#8221; border_color_top=&#8221;#FFB600&#8243; global_colors_info=&#8221;{}&#8221;][et_pb_fullwidth_slider use_bg_overlay=&#8221;off&#8221; use_text_overlay=&#8221;off&#8221; _builder_version=&#8221;4.16&#8243; _module_preset=&#8221;default&#8221; custom_padding=&#8221;334px||313px|||&#8221; global_colors_info=&#8221;{}&#8221;][et_pb_slide heading=&#8221;Golden Tulip&#8221; button_text=&#8221;VOIR PLUS&#8221; button_link=&#8221;\/km\/our-expertise\/#projects&#8221; _builder_version=&#8221;4.16&#8243; _module_preset=&#8221;default&#8221; header_level=&#8221;h2&#8243; header_font=&#8221;|600|||||||&#8221; header_font_size=&#8221;32px&#8221; background_enable_color=&#8221;off&#8221; background_image=&#8221;https:\/\/cementis.io\/km\/wp-content\/uploads\/sites\/10\/2021\/10\/CEMENTIS-WEBSITE-COMOROS-HOME-PAGE-BANNER-PROJECT-1-1920X1080-1.jpg&#8221; background_enable_image=&#8221;on&#8221; custom_button=&#8221;on&#8221; button_text_color=&#8221;#FFFFFF&#8221; button_bg_color=&#8221;#FFB600&#8243; button_border_radius=&#8221;31px&#8221; text_orientation=&#8221;left&#8221; global_colors_info=&#8221;{}&#8221; sticky_transition=&#8221;on&#8221;][\/et_pb_slide][et_pb_slide heading=&#8221;Le Stade de Moroni Malouzini &#8221; button_text=&#8221;VOIR PLUS&#8221; button_link=&#8221;\/km\/our-expertise\/#projects&#8221; use_bg_overlay=&#8221;on&#8221; _builder_version=&#8221;4.16&#8243; _module_preset=&#8221;default&#8221; header_level=&#8221;h2&#8243; header_font=&#8221;|600|||||||&#8221; header_font_size=&#8221;32px&#8221; background_enable_color=&#8221;off&#8221; background_image=&#8221;https:\/\/cementis.io\/km\/wp-content\/uploads\/sites\/10\/2021\/10\/CEMENTIS-WEBSITE-COMOROS-HOME-PAGE-BANNER-PROJECT-1-1920X1080-2.jpg&#8221; background_enable_image=&#8221;on&#8221; custom_button=&#8221;on&#8221; button_text_color=&#8221;#FFFFFF&#8221; button_bg_color=&#8221;#FFB600&#8243; button_border_radius=&#8221;31px&#8221; text_orientation=&#8221;left&#8221; global_colors_info=&#8221;{}&#8221; sticky_transition=&#8221;on&#8221;][\/et_pb_slide][et_pb_slide heading=&#8221;Les Bureaux de Comores C\u00e2bles SA &#8221; button_text=&#8221;VOIR PLUS&#8221; button_link=&#8221;\/km\/our-expertise\/#projects&#8221; use_bg_overlay=&#8221;on&#8221; _builder_version=&#8221;4.16&#8243; _module_preset=&#8221;default&#8221; header_level=&#8221;h2&#8243; header_font=&#8221;|600|||||||&#8221; header_font_size=&#8221;32px&#8221; background_enable_color=&#8221;off&#8221; background_image=&#8221;https:\/\/cementis.io\/km\/wp-content\/uploads\/sites\/10\/2021\/10\/CEMENTIS-WEBSITE-COMOROS-HOME-PAGE-BANNER-PROJECT-1-1920X1080-3.jpg&#8221; background_enable_image=&#8221;on&#8221; custom_button=&#8221;on&#8221; button_text_color=&#8221;#FFFFFF&#8221; button_bg_color=&#8221;#FFB600&#8243; button_border_radius=&#8221;31px&#8221; text_orientation=&#8221;left&#8221; global_colors_info=&#8221;{}&#8221; sticky_transition=&#8221;on&#8221;][\/et_pb_slide][\/et_pb_fullwidth_slider][\/et_pb_section][et_pb_section fb_built=&#8221;1&#8243; _builder_version=&#8221;4.16&#8243; _module_preset=&#8221;default&#8221; background_color=&#8221;gcid-5e2d3d4b-dee4-441d-abaa-32ff8dae7519&#8243; custom_margin=&#8221;0px|0px|0px|0px|false|false&#8221; custom_padding=&#8221;1px|0px|0px|0px|false|false&#8221; border_color_bottom=&#8221;#E09900&#8243; global_colors_info=&#8221;{%22gcid-5e2d3d4b-dee4-441d-abaa-32ff8dae7519%22:%91%22background_color%22%93}&#8221;][et_pb_row _builder_version=&#8221;4.16&#8243; _module_preset=&#8221;default&#8221; custom_margin=&#8221;-772px||||false|false&#8221; global_colors_info=&#8221;{}&#8221;][et_pb_column type=&#8221;4_4&#8243; _builder_version=&#8221;4.16&#8243; _module_preset=&#8221;default&#8221; global_colors_info=&#8221;{}&#8221;][et_pb_text _builder_version=&#8221;4.16&#8243; _module_preset=&#8221;default&#8221; background_layout=&#8221;dark&#8221; custom_padding=&#8221;46px||2px|||&#8221; global_colors_info=&#8221;{}&#8221;]<\/p>\n<div class=\"page\" title=\"Page 1\">\n<div class=\"section\">\n<div class=\"layoutArea\">\n<div class=\"column\">\n<h1><span><strong>NOS PROJETS <\/strong>\u00c0 <\/span><span style=\"color: #ffb600;\"><strong>COMORES <\/strong><\/span><\/h1>\n<\/div>\n<\/div>\n<\/div>\n<\/div>\n<p>[\/et_pb_text][\/et_pb_column][\/et_pb_row][\/et_pb_section]<\/p>\n","protected":false},"excerpt":{"rendered":"<p>CONSTRUISONS NOTRE AVENIR CEMENTIS souhaite \u00eatre un exemple d\u2019entreprise prosp\u00e8re, construisant l\u2019avenir de fa\u00e7on \u00e9cologique et responsable, pour toute la communaut\u00e9. En tant qu\u2019entit\u00e9 r\u00e9gionale, nous nous engageons \u00e0 respecter les normes internationales de qualit\u00e9, d\u2019engagement local, d\u2019actions sociales, \u00e9conomiques et environnementales de la r\u00e9gion oc\u00e9an Indien. Notre ambition chez CEMENTIS est d\u2019\u00eatre un acteur [&hellip;]<\/p>\n","protected":false},"author":1,"featured_media":0,"parent":0,"menu_order":0,"comment_status":"closed","ping_status":"closed","template":"","meta":{"_et_pb_use_builder":"on","_et_pb_old_content":"","_et_gb_content_width":"","footnotes":""},"class_list":["post-12","page","type-page","status-publish","hentry"],"_links":{"self":[{"href":"https:\/\/cementis.io\/km\/wp-json\/wp\/v2\/pages\/12","targetHints":{"allow":["GET"]}}],"collection":[{"href":"https:\/\/cementis.io\/km\/wp-json\/wp\/v2\/pages"}],"about":[{"href":"https:\/\/cementis.io\/km\/wp-json\/wp\/v2\/types\/page"}],"author":[{"embeddable":true,"href":"https:\/\/cementis.io\/km\/wp-json\/wp\/v2\/users\/1"}],"replies":[{"embeddable":true,"href":"https:\/\/cementis.io\/km\/wp-json\/wp\/v2\/comments?post=12"}],"version-history":[{"count":1,"href":"https:\/\/cementis.io\/km\/wp-json\/wp\/v2\/pages\/12\/revisions"}],"predecessor-version":[{"id":360,"href":"https:\/\/cementis.io\/km\/wp-json\/wp\/v2\/pages\/12\/revisions\/360"}],"wp:attachment":[{"href":"https:\/\/cementis.io\/km\/wp-json\/wp\/v2\/media?parent=12"}],"curies":[{"name":"wp","href":"https:\/\/api.w.org\/{rel}","templated":true}]}}